{"id":3054,"date":"2022-03-08T10:42:46","date_gmt":"2022-03-08T09:42:46","guid":{"rendered":"https:\/\/veterinaire-des-coteaux.fr\/pharmacy\/"},"modified":"2026-01-08T10:29:11","modified_gmt":"2026-01-08T09:29:11","slug":"pharmacy","status":"publish","type":"page","link":"https:\/\/veterinaire-des-coteaux.fr\/en\/pharmacy\/","title":{"rendered":"Pharmacy"},"content":{"rendered":"\t\t<div data-elementor-type=\"wp-page\" data-elementor-id=\"3054\" class=\"elementor elementor-3054 elementor-173\" data-elementor-post-type=\"page\">\n\t\t\t\t\t\t<section data-dce-background-color=\"#F2FCFE\" data-dce-background-image-url=\"https:\/\/veterinaire-des-coteaux.fr\/wp-content\/uploads\/2022\/06\/pharmacie3.jpg\" class=\"elementor-section elementor-top-section elementor-element elementor-element-384aef97 elementor-section-full_width elementor-section-height-min-height elementor-section-content-middle elementor-section-height-default elementor-section-items-middle\" data-id=\"384aef97\" data-element_type=\"section\" data-settings=\"{&quot;background_background&quot;:&quot;classic&quot;}\">\n\t\t\t\t\t\t<div class=\"elementor-container elementor-column-gap-no\">\n\t\t\t\t\t<div class=\"elementor-column elementor-col-100 elementor-top-column elementor-element elementor-element-77f644a\" data-id=\"77f644a\" data-element_type=\"column\">\n\t\t\t<div class=\"elementor-widget-wrap\">\n\t\t\t\t\t\t\t<\/div>\n\t\t<\/div>\n\t\t\t\t\t<\/div>\n\t\t<\/section>\n\t\t\t\t<section data-dce-background-color=\"#FFFFFF\" class=\"elementor-section elementor-top-section elementor-element elementor-element-18dc64dc elementor-section-content-middle elementor-reverse-tablet elementor-reverse-mobile elementor-section-boxed elementor-section-height-default elementor-section-height-default\" data-id=\"18dc64dc\" data-element_type=\"section\" data-settings=\"{&quot;background_background&quot;:&quot;gradient&quot;}\">\n\t\t\t\t\t\t<div class=\"elementor-container elementor-column-gap-no\">\n\t\t\t\t\t<div class=\"elementor-column elementor-col-100 elementor-top-column elementor-element elementor-element-392b2662\" data-id=\"392b2662\" data-element_type=\"column\">\n\t\t\t<div class=\"elementor-widget-wrap elementor-element-populated\">\n\t\t\t\t\t\t<div data-dce-title-color=\"#FF8000\" class=\"elementor-element elementor-element-cd035d4 animated-slow elementor-invisible elementor-widget elementor-widget-heading\" data-id=\"cd035d4\" data-element_type=\"widget\" data-settings=\"{&quot;_animation&quot;:&quot;fadeIn&quot;}\" data-widget_type=\"heading.default\">\n\t\t\t\t<div class=\"elementor-widget-container\">\n\t\t\t\t\t<h1 class=\"elementor-heading-title elementor-size-default\">Veterinary Pharmacy and Parapharmacy\n<\/h1>\t\t\t\t<\/div>\n\t\t\t\t<\/div>\n\t\t\t\t<div class=\"elementor-element elementor-element-6c69fb2d elementor-invisible elementor-widget elementor-widget-text-editor\" data-id=\"6c69fb2d\" data-element_type=\"widget\" data-settings=\"{&quot;_animation&quot;:&quot;fadeIn&quot;,&quot;_animation_delay&quot;:200}\" data-widget_type=\"text-editor.default\">\n\t\t\t\t<div class=\"elementor-widget-container\">\n\t\t\t\t\t\t\t\t\t<p>Our veterinary clinic has a pharmacy with all medications (prescription or non-prescription), hygiene products, and food supplements for your dogs, cats, and other companion animals such as exotic pets.<\/p><p><strong>The Pharmacy:<\/strong><\/p><p>Should the need arise, we are authorized to dispense the necessary medications for your pet&#8217;s care.<\/p><p>Our clinic, like all veterinary clinics, is classified as a &#8216;closed dispensary,&#8217; meaning we can only dispense medications for animals under our care. This differs from a public pharmacy, which is an &#8216;open dispensary&#8217; (it requires a prescription but can dispense without consulting your animal).<\/p><p>Dispensing prescription medications without a prior consultation by us, even with a prescription from a colleague, is prohibited.<\/p><p><strong>The Parapharmacy:<\/strong><\/p><p>Hygiene products (ophthalmic, ear, dermatological, dental, etc.), food supplements, homeopathy, and phytotherapy, as well as certain antiparasitics, are not subject to prescription regulations and are available for over-the-counter sale within our facility. If needed, please do not hesitate to ask us; we will be happy to advise you.<\/p>\t\t\t\t\t\t\t\t<\/div>\n\t\t\t\t<\/div>\n\t\t\t\t\t<\/div>\n\t\t<\/div>\n\t\t\t\t\t<\/div>\n\t\t<\/section>\n\t\t\t\t<section class=\"elementor-section elementor-top-section elementor-element elementor-element-54166865 elementor-section-content-top elementor-section-boxed elementor-section-height-default elementor-section-height-default\" data-id=\"54166865\" data-element_type=\"section\">\n\t\t\t\t\t\t<div class=\"elementor-container elementor-column-gap-no\">\n\t\t\t\t\t<div class=\"elementor-column elementor-col-100 elementor-top-column elementor-element elementor-element-404f1dcb\" data-id=\"404f1dcb\" data-element_type=\"column\">\n\t\t\t<div class=\"elementor-widget-wrap elementor-element-populated\">\n\t\t\t\t\t\t<div class=\"elementor-element elementor-element-8ae452c elementor-widget elementor-widget-gallery\" data-id=\"8ae452c\" data-element_type=\"widget\" data-settings=\"{&quot;columns&quot;:3,&quot;columns_tablet&quot;:3,&quot;lazyload&quot;:&quot;yes&quot;,&quot;gallery_layout&quot;:&quot;grid&quot;,&quot;columns_mobile&quot;:1,&quot;gap&quot;:{&quot;unit&quot;:&quot;px&quot;,&quot;size&quot;:10,&quot;sizes&quot;:[]},&quot;gap_widescreen&quot;:{&quot;unit&quot;:&quot;px&quot;,&quot;size&quot;:&quot;&quot;,&quot;sizes&quot;:[]},&quot;gap_laptop&quot;:{&quot;unit&quot;:&quot;px&quot;,&quot;size&quot;:10,&quot;sizes&quot;:[]},&quot;gap_tablet&quot;:{&quot;unit&quot;:&quot;px&quot;,&quot;size&quot;:10,&quot;sizes&quot;:[]},&quot;gap_mobile&quot;:{&quot;unit&quot;:&quot;px&quot;,&quot;size&quot;:10,&quot;sizes&quot;:[]},&quot;link_to&quot;:&quot;file&quot;,&quot;aspect_ratio&quot;:&quot;3:2&quot;,&quot;overlay_background&quot;:&quot;yes&quot;,&quot;content_hover_animation&quot;:&quot;fade-in&quot;}\" data-widget_type=\"gallery.default\">\n\t\t\t\t<div class=\"elementor-widget-container\">\n\t\t\t\t\t\t\t<div class=\"elementor-gallery__container\">\n\t\t\t\t\t\t\t<a class=\"e-gallery-item elementor-gallery-item elementor-animated-content\" href=\"https:\/\/veterinaire-des-coteaux.fr\/wp-content\/uploads\/2022\/06\/IMG_6295.jpg\" data-elementor-open-lightbox=\"yes\" data-elementor-lightbox-slideshow=\"8ae452c\" data-elementor-lightbox-title=\"IMG_6295\" data-e-action-hash=\"#elementor-action%3Aaction%3Dlightbox%26settings%3DeyJpZCI6MjkyNSwidXJsIjoiaHR0cHM6XC9cL3ZldGVyaW5haXJlLWRlcy1jb3RlYXV4LmZyXC93cC1jb250ZW50XC91cGxvYWRzXC8yMDIyXC8wNlwvSU1HXzYyOTUuanBnIiwic2xpZGVzaG93IjoiOGFlNDUyYyJ9\">\n\t\t\t\t\t<div class=\"e-gallery-image elementor-gallery-item__image\" data-thumbnail=\"https:\/\/veterinaire-des-coteaux.fr\/wp-content\/uploads\/2022\/06\/IMG_6295-683x1024.jpg\" data-width=\"683\" data-height=\"1024\" aria-label=\"\" role=\"img\" ><\/div>\n\t\t\t\t\t\t\t\t\t\t\t<div class=\"elementor-gallery-item__overlay\"><\/div>\n\t\t\t\t\t\t\t\t\t\t\t\t\t\t<\/a>\n\t\t\t\t\t\t\t<a class=\"e-gallery-item elementor-gallery-item elementor-animated-content\" href=\"https:\/\/veterinaire-des-coteaux.fr\/wp-content\/uploads\/2022\/06\/IMG_6288.jpg\" data-elementor-open-lightbox=\"yes\" data-elementor-lightbox-slideshow=\"8ae452c\" data-elementor-lightbox-title=\"IMG_6288\" data-e-action-hash=\"#elementor-action%3Aaction%3Dlightbox%26settings%3DeyJpZCI6MjkyMywidXJsIjoiaHR0cHM6XC9cL3ZldGVyaW5haXJlLWRlcy1jb3RlYXV4LmZyXC93cC1jb250ZW50XC91cGxvYWRzXC8yMDIyXC8wNlwvSU1HXzYyODguanBnIiwic2xpZGVzaG93IjoiOGFlNDUyYyJ9\">\n\t\t\t\t\t<div class=\"e-gallery-image elementor-gallery-item__image\" data-thumbnail=\"https:\/\/veterinaire-des-coteaux.fr\/wp-content\/uploads\/2022\/06\/IMG_6288-683x1024.jpg\" data-width=\"683\" data-height=\"1024\" aria-label=\"\" role=\"img\" ><\/div>\n\t\t\t\t\t\t\t\t\t\t\t<div class=\"elementor-gallery-item__overlay\"><\/div>\n\t\t\t\t\t\t\t\t\t\t\t\t\t\t<\/a>\n\t\t\t\t\t\t\t<a class=\"e-gallery-item elementor-gallery-item elementor-animated-content\" href=\"https:\/\/veterinaire-des-coteaux.fr\/wp-content\/uploads\/2022\/06\/pharma2.jpg\" data-elementor-open-lightbox=\"yes\" data-elementor-lightbox-slideshow=\"8ae452c\" data-elementor-lightbox-title=\"pharma2\" data-e-action-hash=\"#elementor-action%3Aaction%3Dlightbox%26settings%3DeyJpZCI6Mjk0NSwidXJsIjoiaHR0cHM6XC9cL3ZldGVyaW5haXJlLWRlcy1jb3RlYXV4LmZyXC93cC1jb250ZW50XC91cGxvYWRzXC8yMDIyXC8wNlwvcGhhcm1hMi5qcGciLCJzbGlkZXNob3ciOiI4YWU0NTJjIn0%3D\">\n\t\t\t\t\t<div class=\"e-gallery-image elementor-gallery-item__image\" data-thumbnail=\"https:\/\/veterinaire-des-coteaux.fr\/wp-content\/uploads\/2022\/06\/pharma2-996x1024.jpg\" data-width=\"800\" data-height=\"822\" aria-label=\"\" role=\"img\" ><\/div>\n\t\t\t\t\t\t\t\t\t\t\t<div class=\"elementor-gallery-item__overlay\"><\/div>\n\t\t\t\t\t\t\t\t\t\t\t\t\t\t<\/a>\n\t\t\t\t\t<\/div>\n\t\t\t\t\t<\/div>\n\t\t\t\t<\/div>\n\t\t\t\t<div data-dce-title-color=\"#FF8000\" class=\"elementor-element elementor-element-5ce810d7 animated-slow elementor-invisible elementor-widget elementor-widget-heading\" data-id=\"5ce810d7\" data-element_type=\"widget\" data-settings=\"{&quot;_animation&quot;:&quot;fadeIn&quot;}\" data-widget_type=\"heading.default\">\n\t\t\t\t<div class=\"elementor-widget-container\">\n\t\t\t\t\t<h2 class=\"elementor-heading-title elementor-size-default\">Answers to Your Questions!<\/h2>\t\t\t\t<\/div>\n\t\t\t\t<\/div>\n\t\t\t\t<div class=\"elementor-element elementor-element-50d95e elementor-widget elementor-widget-toggle\" data-id=\"50d95e\" data-element_type=\"widget\" data-widget_type=\"toggle.default\">\n\t\t\t\t<div class=\"elementor-widget-container\">\n\t\t\t\t\t\t\t<div class=\"elementor-toggle\">\n\t\t\t\t\t\t\t<div class=\"elementor-toggle-item\">\n\t\t\t\t\t<div id=\"elementor-tab-title-5291\" class=\"elementor-tab-title\" data-tab=\"1\" role=\"button\" aria-controls=\"elementor-tab-content-5291\" aria-expanded=\"false\">\n\t\t\t\t\t\t\t\t\t\t\t\t<span class=\"elementor-toggle-icon elementor-toggle-icon-right\" aria-hidden=\"true\">\n\t\t\t\t\t\t\t\t\t\t\t\t\t\t\t<span class=\"elementor-toggle-icon-closed\"><\/span>\n\t\t\t\t\t\t\t\t<span class=\"elementor-toggle-icon-opened\"><\/span>\n\t\t\t\t\t\t\t\t\t\t\t\t\t<\/span>\n\t\t\t\t\t\t\t\t\t\t\t\t<a class=\"elementor-toggle-title\" tabindex=\"0\">When should I give my dog or cat flea treatment?<\/a>\n\t\t\t\t\t<\/div>\n\n\t\t\t\t\t<div id=\"elementor-tab-content-5291\" class=\"elementor-tab-content elementor-clearfix\" data-tab=\"1\" role=\"region\" aria-labelledby=\"elementor-tab-title-5291\"><p>Administering external antiparasitics (flea\/tick treatment) to your pet depends on its lifestyle. As our region is warm and humid, we have a high presence of parasites, which necessitates almost year-round coverage for fleas. Beware of ticks; they carry diseases that can be dangerous, even fatal, for your pets and are particularly prevalent in our region. Almost year-round coverage is also necessary for them.<\/p>\n<p>Recently identified in the region, some diseases are also transmitted by mosquitoes (such as leishmaniasis\u2026). Vaccines and antiparasitic treatments are available; please do not hesitate to ask us for advice.<\/p>\n<\/div>\n\t\t\t\t<\/div>\n\t\t\t\t\t\t\t<div class=\"elementor-toggle-item\">\n\t\t\t\t\t<div id=\"elementor-tab-title-5292\" class=\"elementor-tab-title\" data-tab=\"2\" role=\"button\" aria-controls=\"elementor-tab-content-5292\" aria-expanded=\"false\">\n\t\t\t\t\t\t\t\t\t\t\t\t<span class=\"elementor-toggle-icon elementor-toggle-icon-right\" aria-hidden=\"true\">\n\t\t\t\t\t\t\t\t\t\t\t\t\t\t\t<span class=\"elementor-toggle-icon-closed\"><\/span>\n\t\t\t\t\t\t\t\t<span class=\"elementor-toggle-icon-opened\"><\/span>\n\t\t\t\t\t\t\t\t\t\t\t\t\t<\/span>\n\t\t\t\t\t\t\t\t\t\t\t\t<a class=\"elementor-toggle-title\" tabindex=\"0\">My cat lives in an apartment and never goes outside; should I treat it? <\/a>\n\t\t\t\t\t<\/div>\n\n\t\t\t\t\t<div id=\"elementor-tab-content-5292\" class=\"elementor-tab-content elementor-clearfix\" data-tab=\"2\" role=\"region\" aria-labelledby=\"elementor-tab-title-5292\"><p>The answer is YES. In fact, it will get fleas from us, as we bring flea eggs attached to our clothes into the apartment, which will then hatch. However, it will never get ticks. An appropriate and reasoned treatment can be applied to it.<\/p>\n<\/div>\n\t\t\t\t<\/div>\n\t\t\t\t\t\t\t<div class=\"elementor-toggle-item\">\n\t\t\t\t\t<div id=\"elementor-tab-title-5293\" class=\"elementor-tab-title\" data-tab=\"3\" role=\"button\" aria-controls=\"elementor-tab-content-5293\" aria-expanded=\"false\">\n\t\t\t\t\t\t\t\t\t\t\t\t<span class=\"elementor-toggle-icon elementor-toggle-icon-right\" aria-hidden=\"true\">\n\t\t\t\t\t\t\t\t\t\t\t\t\t\t\t<span class=\"elementor-toggle-icon-closed\"><\/span>\n\t\t\t\t\t\t\t\t<span class=\"elementor-toggle-icon-opened\"><\/span>\n\t\t\t\t\t\t\t\t\t\t\t\t\t<\/span>\n\t\t\t\t\t\t\t\t\t\t\t\t<a class=\"elementor-toggle-title\" tabindex=\"0\">Should I give my dog or cat an antiparasitic, and is it dangerous for them?<\/a>\n\t\t\t\t\t<\/div>\n\n\t\t\t\t\t<div id=\"elementor-tab-content-5293\" class=\"elementor-tab-content elementor-clearfix\" data-tab=\"3\" role=\"region\" aria-labelledby=\"elementor-tab-title-5293\"><p>Among antiparasitics, we distinguish between external and internal ones.<\/p>\n<p>External parasites (mites, fleas, ticks, mosquitoes) are present year-round in our region due to the mild climate and their seasonal shift. An appropriate treatment is highly recommended, depending on your pet&#8217;s lifestyle.<\/p>\n<p>Internal parasites include tapeworms and roundworms. These are transmitted, on the one hand, by the mother during gestation and lactation, and on the other hand, contamination can occur through the consumption of carrion or raw meat. In all cases, deworming is necessary at least twice a year. This frequency may need to be increased if individuals classified as &#8216;at risk&#8217; are in your pets&#8217; direct environment (pregnant women, young children, elderly individuals, or those undergoing specific medical treatment).<\/p>\n<p>No, it is not dangerous for them, but as with any medication, there can be rare side effects that should be reported to us for pharmacovigilance purposes.<\/p>\n<\/div>\n\t\t\t\t<\/div>\n\t\t\t\t\t\t\t<div class=\"elementor-toggle-item\">\n\t\t\t\t\t<div id=\"elementor-tab-title-5294\" class=\"elementor-tab-title\" data-tab=\"4\" role=\"button\" aria-controls=\"elementor-tab-content-5294\" aria-expanded=\"false\">\n\t\t\t\t\t\t\t\t\t\t\t\t<span class=\"elementor-toggle-icon elementor-toggle-icon-right\" aria-hidden=\"true\">\n\t\t\t\t\t\t\t\t\t\t\t\t\t\t\t<span class=\"elementor-toggle-icon-closed\"><\/span>\n\t\t\t\t\t\t\t\t<span class=\"elementor-toggle-icon-opened\"><\/span>\n\t\t\t\t\t\t\t\t\t\t\t\t\t<\/span>\n\t\t\t\t\t\t\t\t\t\t\t\t<a class=\"elementor-toggle-title\" tabindex=\"0\"> How do I administer medication (e.g., an antibiotic) to my pet?<\/a>\n\t\t\t\t\t<\/div>\n\n\t\t\t\t\t<div id=\"elementor-tab-content-5294\" class=\"elementor-tab-content elementor-clearfix\" data-tab=\"4\" role=\"region\" aria-labelledby=\"elementor-tab-title-5294\"><p>As the pharmaceutical form (tablet, capsule, liquid, etc.) can vary, we will always advise you on how to administer your pet&#8217;s treatment. Most of them are palatable for easier administration.<\/p>\n<\/div>\n\t\t\t\t<\/div>\n\t\t\t\t\t\t\t<div class=\"elementor-toggle-item\">\n\t\t\t\t\t<div id=\"elementor-tab-title-5295\" class=\"elementor-tab-title\" data-tab=\"5\" role=\"button\" aria-controls=\"elementor-tab-content-5295\" aria-expanded=\"false\">\n\t\t\t\t\t\t\t\t\t\t\t\t<span class=\"elementor-toggle-icon elementor-toggle-icon-right\" aria-hidden=\"true\">\n\t\t\t\t\t\t\t\t\t\t\t\t\t\t\t<span class=\"elementor-toggle-icon-closed\"><\/span>\n\t\t\t\t\t\t\t\t<span class=\"elementor-toggle-icon-opened\"><\/span>\n\t\t\t\t\t\t\t\t\t\t\t\t\t<\/span>\n\t\t\t\t\t\t\t\t\t\t\t\t<a class=\"elementor-toggle-title\" tabindex=\"0\">How can I care for and preserve my dog's\/cat's teeth?<\/a>\n\t\t\t\t\t<\/div>\n\n\t\t\t\t\t<div id=\"elementor-tab-content-5295\" class=\"elementor-tab-content elementor-clearfix\" data-tab=\"5\" role=\"region\" aria-labelledby=\"elementor-tab-title-5295\"><p>There are several solutions for caring for your pet&#8217;s teeth. From chew sticks, a solution to dilute in drinking water, algae, or brushing their teeth, please do not hesitate to contact us directly at the clinic; we will be happy to provide you with information.<\/p>\n<\/div>\n\t\t\t\t<\/div>\n\t\t\t\t\t\t\t\t\t\t<script type=\"application\/ld+json\">{\"@context\":\"https:\\\/\\\/schema.org\",\"@type\":\"FAQPage\",\"mainEntity\":[{\"@type\":\"Question\",\"name\":\"When should I give my dog or cat flea treatment?\",\"acceptedAnswer\":{\"@type\":\"Answer\",\"text\":\"<p>Administering external antiparasitics (flea\\\/tick treatment) to your pet depends on its lifestyle. As our region is warm and humid, we have a high presence of parasites, which necessitates almost year-round coverage for fleas. Beware of ticks; they carry diseases that can be dangerous, even fatal, for your pets and are particularly prevalent in our region. Almost year-round coverage is also necessary for them.<\\\/p>\\n<p>Recently identified in the region, some diseases are also transmitted by mosquitoes (such as leishmaniasis\\u2026). Vaccines and antiparasitic treatments are available; please do not hesitate to ask us for advice.<\\\/p>\\n\"}},{\"@type\":\"Question\",\"name\":\"My cat lives in an apartment and never goes outside; should I treat it?\",\"acceptedAnswer\":{\"@type\":\"Answer\",\"text\":\"<p>The answer is YES. In fact, it will get fleas from us, as we bring flea eggs attached to our clothes into the apartment, which will then hatch. However, it will never get ticks. An appropriate and reasoned treatment can be applied to it.<\\\/p>\\n\"}},{\"@type\":\"Question\",\"name\":\"Should I give my dog or cat an antiparasitic, and is it dangerous for them?\",\"acceptedAnswer\":{\"@type\":\"Answer\",\"text\":\"<p>Among antiparasitics, we distinguish between external and internal ones.<\\\/p>\\n<p>External parasites (mites, fleas, ticks, mosquitoes) are present year-round in our region due to the mild climate and their seasonal shift. An appropriate treatment is highly recommended, depending on your pet&#8217;s lifestyle.<\\\/p>\\n<p>Internal parasites include tapeworms and roundworms. These are transmitted, on the one hand, by the mother during gestation and lactation, and on the other hand, contamination can occur through the consumption of carrion or raw meat. In all cases, deworming is necessary at least twice a year. This frequency may need to be increased if individuals classified as &#8216;at risk&#8217; are in your pets&#8217; direct environment (pregnant women, young children, elderly individuals, or those undergoing specific medical treatment).<\\\/p>\\n<p>No, it is not dangerous for them, but as with any medication, there can be rare side effects that should be reported to us for pharmacovigilance purposes.<\\\/p>\\n\"}},{\"@type\":\"Question\",\"name\":\"How do I administer medication (e.g., an antibiotic) to my pet?\",\"acceptedAnswer\":{\"@type\":\"Answer\",\"text\":\"<p>As the pharmaceutical form (tablet, capsule, liquid, etc.) can vary, we will always advise you on how to administer your pet&#8217;s treatment. Most of them are palatable for easier administration.<\\\/p>\\n\"}},{\"@type\":\"Question\",\"name\":\"How can I care for and preserve my dog's\\\/cat's teeth?\",\"acceptedAnswer\":{\"@type\":\"Answer\",\"text\":\"<p>There are several solutions for caring for your pet&#8217;s teeth. From chew sticks, a solution to dilute in drinking water, algae, or brushing their teeth, please do not hesitate to contact us directly at the clinic; we will be happy to provide you with information.<\\\/p>\\n\"}}]}<\/script>\n\t\t\t\t\t<\/div>\n\t\t\t\t\t\t<\/div>\n\t\t\t\t<\/div>\n\t\t\t\t\t<\/div>\n\t\t<\/div>\n\t\t\t\t\t<\/div>\n\t\t<\/section>\n\t\t\t\t<\/div>\n\t\t","protected":false},"excerpt":{"rendered":"<p>Veterinary Pharmacy and Parapharmacy Our veterinary clinic has a pharmacy with all medications (prescription or non-prescription), hygiene products, and food supplements for your dogs, cats, and other companion animals such as exotic pets. The Pharmacy: Should the need arise, we are authorized to dispense the necessary medications for your pet&#8217;s care. Our clinic, like all [&hellip;]<\/p>\n","protected":false},"author":1,"featured_media":0,"parent":0,"menu_order":0,"comment_status":"closed","ping_status":"closed","template":"","meta":{"_acf_changed":false,"footnotes":""},"class_list":["post-3054","page","type-page","status-publish","hentry"],"acf":[],"yoast_head":"<!-- This site is optimized with the Yoast SEO plugin v27.5 - https:\/\/yoast.com\/product\/yoast-seo-wordpress\/ -->\n<title>Veterinary Pharmacy and Parapharmacy for Animals - South Pau Veterinarian<\/title>\n<meta name=\"description\" content=\"Our clinic in Juran\u00e7on, near Pau, has an on-site veterinary pharmacy to facilitate the care of your pets.\" \/>\n<meta name=\"robots\" content=\"index, follow, max-snippet:-1, max-image-preview:large, max-video-preview:-1\" \/>\n<link rel=\"canonical\" href=\"https:\/\/veterinaire-des-coteaux.fr\/en\/pharmacy\/\" \/>\n<meta property=\"og:locale\" content=\"en_US\" \/>\n<meta property=\"og:type\" content=\"article\" \/>\n<meta property=\"og:title\" content=\"Veterinary Pharmacy and Parapharmacy for Animals - South Pau Veterinarian\" \/>\n<meta property=\"og:description\" content=\"Our clinic in Juran\u00e7on, near Pau, has an on-site veterinary pharmacy to facilitate the care of your pets.\" \/>\n<meta property=\"og:url\" content=\"https:\/\/veterinaire-des-coteaux.fr\/en\/pharmacy\/\" \/>\n<meta property=\"og:site_name\" content=\"V\u00e9t\u00e9rinaire des coteaux\" \/>\n<meta property=\"article:publisher\" content=\"https:\/\/www.facebook.com\/cabinetveterinairedescoteaux\/\" \/>\n<meta property=\"article:modified_time\" content=\"2026-01-08T09:29:11+00:00\" \/>\n<meta property=\"og:image\" content=\"https:\/\/veterinaire-des-coteaux.fr\/wp-content\/uploads\/2022\/06\/dong-cheng-0yAGGlSg9Oc-unsplash-scaled.jpg\" \/>\n\t<meta property=\"og:image:width\" content=\"2048\" \/>\n\t<meta property=\"og:image:height\" content=\"1370\" \/>\n\t<meta property=\"og:image:type\" content=\"image\/jpeg\" \/>\n<meta name=\"twitter:card\" content=\"summary_large_image\" \/>\n<meta name=\"twitter:label1\" content=\"Est. reading time\" \/>\n\t<meta name=\"twitter:data1\" content=\"3 minutes\" \/>\n<!-- \/ Yoast SEO plugin. -->","yoast_head_json":{"title":"Veterinary Pharmacy and Parapharmacy for Animals - South Pau Veterinarian","description":"Our clinic in Juran\u00e7on, near Pau, has an on-site veterinary pharmacy to facilitate the care of your pets.","robots":{"index":"index","follow":"follow","max-snippet":"max-snippet:-1","max-image-preview":"max-image-preview:large","max-video-preview":"max-video-preview:-1"},"canonical":"https:\/\/veterinaire-des-coteaux.fr\/en\/pharmacy\/","og_locale":"en_US","og_type":"article","og_title":"Veterinary Pharmacy and Parapharmacy for Animals - South Pau Veterinarian","og_description":"Our clinic in Juran\u00e7on, near Pau, has an on-site veterinary pharmacy to facilitate the care of your pets.","og_url":"https:\/\/veterinaire-des-coteaux.fr\/en\/pharmacy\/","og_site_name":"V\u00e9t\u00e9rinaire des coteaux","article_publisher":"https:\/\/www.facebook.com\/cabinetveterinairedescoteaux\/","article_modified_time":"2026-01-08T09:29:11+00:00","og_image":[{"width":2048,"height":1370,"url":"https:\/\/veterinaire-des-coteaux.fr\/wp-content\/uploads\/2022\/06\/dong-cheng-0yAGGlSg9Oc-unsplash-scaled.jpg","type":"image\/jpeg"}],"twitter_card":"summary_large_image","twitter_misc":{"Est. reading time":"3 minutes"},"schema":{"@context":"https:\/\/schema.org","@graph":[{"@type":"WebPage","@id":"https:\/\/veterinaire-des-coteaux.fr\/en\/pharmacy\/","url":"https:\/\/veterinaire-des-coteaux.fr\/en\/pharmacy\/","name":"Veterinary Pharmacy and Parapharmacy for Animals - South Pau Veterinarian","isPartOf":{"@id":"https:\/\/veterinaire-des-coteaux.fr\/en\/#website"},"datePublished":"2022-03-08T09:42:46+00:00","dateModified":"2026-01-08T09:29:11+00:00","description":"Our clinic in Juran\u00e7on, near Pau, has an on-site veterinary pharmacy to facilitate the care of your pets.","breadcrumb":{"@id":"https:\/\/veterinaire-des-coteaux.fr\/en\/pharmacy\/#breadcrumb"},"inLanguage":"en-US","potentialAction":[{"@type":"ReadAction","target":["https:\/\/veterinaire-des-coteaux.fr\/en\/pharmacy\/"]}]},{"@type":"BreadcrumbList","@id":"https:\/\/veterinaire-des-coteaux.fr\/en\/pharmacy\/#breadcrumb","itemListElement":[{"@type":"ListItem","position":1,"name":"Accueil","item":"https:\/\/veterinaire-des-coteaux.fr\/en\/veterinaires-des-coteaux-jurancon-pau\/"},{"@type":"ListItem","position":2,"name":"Pharmacy"}]},{"@type":"WebSite","@id":"https:\/\/veterinaire-des-coteaux.fr\/en\/#website","url":"https:\/\/veterinaire-des-coteaux.fr\/en\/","name":"V\u00e9t\u00e9rinaire des coteaux","description":"Cabinet v\u00e9t\u00e9rinaire Juran\u00e7on - Pau","publisher":{"@id":"https:\/\/veterinaire-des-coteaux.fr\/en\/#organization"},"potentialAction":[{"@type":"SearchAction","target":{"@type":"EntryPoint","urlTemplate":"https:\/\/veterinaire-des-coteaux.fr\/en\/?s={search_term_string}"},"query-input":{"@type":"PropertyValueSpecification","valueRequired":true,"valueName":"search_term_string"}}],"inLanguage":"en-US"},{"@type":"Organization","@id":"https:\/\/veterinaire-des-coteaux.fr\/en\/#organization","name":"V\u00e9t\u00e9rinaire des coteaux - Juran\u00e7on - Pau","url":"https:\/\/veterinaire-des-coteaux.fr\/en\/","logo":{"@type":"ImageObject","inLanguage":"en-US","@id":"https:\/\/veterinaire-des-coteaux.fr\/en\/#\/schema\/logo\/image\/","url":"https:\/\/veterinaire-des-coteaux.fr\/wp-content\/uploads\/2022\/02\/Logo-V_04-4_Q.png","contentUrl":"https:\/\/veterinaire-des-coteaux.fr\/wp-content\/uploads\/2022\/02\/Logo-V_04-4_Q.png","width":595,"height":522,"caption":"V\u00e9t\u00e9rinaire des coteaux - Juran\u00e7on - Pau"},"image":{"@id":"https:\/\/veterinaire-des-coteaux.fr\/en\/#\/schema\/logo\/image\/"},"sameAs":["https:\/\/www.facebook.com\/cabinetveterinairedescoteaux\/"]}]}},"_links":{"self":[{"href":"https:\/\/veterinaire-des-coteaux.fr\/en\/wp-json\/wp\/v2\/pages\/3054","targetHints":{"allow":["GET"]}}],"collection":[{"href":"https:\/\/veterinaire-des-coteaux.fr\/en\/wp-json\/wp\/v2\/pages"}],"about":[{"href":"https:\/\/veterinaire-des-coteaux.fr\/en\/wp-json\/wp\/v2\/types\/page"}],"author":[{"embeddable":true,"href":"https:\/\/veterinaire-des-coteaux.fr\/en\/wp-json\/wp\/v2\/users\/1"}],"replies":[{"embeddable":true,"href":"https:\/\/veterinaire-des-coteaux.fr\/en\/wp-json\/wp\/v2\/comments?post=3054"}],"version-history":[{"count":0,"href":"https:\/\/veterinaire-des-coteaux.fr\/en\/wp-json\/wp\/v2\/pages\/3054\/revisions"}],"wp:attachment":[{"href":"https:\/\/veterinaire-des-coteaux.fr\/en\/wp-json\/wp\/v2\/media?parent=3054"}],"curies":[{"name":"wp","href":"https:\/\/api.w.org\/{rel}","templated":true}]}}