{"id":3039,"date":"2022-04-22T15:53:05","date_gmt":"2022-04-22T13:53:05","guid":{"rendered":"https:\/\/veterinaire-des-coteaux.fr\/exotic-pets\/"},"modified":"2026-01-08T10:28:54","modified_gmt":"2026-01-08T09:28:54","slug":"exotic-pets","status":"publish","type":"page","link":"https:\/\/veterinaire-des-coteaux.fr\/en\/exotic-pets\/","title":{"rendered":"Exotic Pets"},"content":{"rendered":"\t\t<div data-elementor-type=\"wp-page\" data-elementor-id=\"3039\" class=\"elementor elementor-3039 elementor-819\" data-elementor-post-type=\"page\">\n\t\t\t\t\t\t<section data-dce-background-color=\"#F2FCFE\" data-dce-background-image-url=\"https:\/\/veterinaire-des-coteaux.fr\/wp-content\/uploads\/2022\/07\/nac-scaled.jpg\" class=\"elementor-section elementor-top-section elementor-element elementor-element-3e429b63 elementor-section-full_width elementor-section-height-min-height elementor-section-content-middle elementor-section-height-default elementor-section-items-middle\" data-id=\"3e429b63\" data-element_type=\"section\" data-settings=\"{&quot;background_background&quot;:&quot;classic&quot;}\">\n\t\t\t\t\t\t<div class=\"elementor-container elementor-column-gap-no\">\n\t\t\t\t\t<div class=\"elementor-column elementor-col-100 elementor-top-column elementor-element elementor-element-32419b3\" data-id=\"32419b3\" data-element_type=\"column\">\n\t\t\t<div class=\"elementor-widget-wrap\">\n\t\t\t\t\t\t\t<\/div>\n\t\t<\/div>\n\t\t\t\t\t<\/div>\n\t\t<\/section>\n\t\t\t\t<section data-dce-background-color=\"#FFFFFF\" class=\"elementor-section elementor-top-section elementor-element elementor-element-22e572a0 elementor-section-content-middle elementor-reverse-tablet elementor-reverse-mobile elementor-section-boxed elementor-section-height-default elementor-section-height-default\" data-id=\"22e572a0\" data-element_type=\"section\" data-settings=\"{&quot;background_background&quot;:&quot;gradient&quot;}\">\n\t\t\t\t\t\t<div class=\"elementor-container elementor-column-gap-no\">\n\t\t\t\t\t<div class=\"elementor-column elementor-col-100 elementor-top-column elementor-element elementor-element-7f69eeb9\" data-id=\"7f69eeb9\" data-element_type=\"column\">\n\t\t\t<div class=\"elementor-widget-wrap elementor-element-populated\">\n\t\t\t\t\t\t<div data-dce-title-color=\"#FF8000\" class=\"elementor-element elementor-element-3d8cf16f animated-slow elementor-invisible elementor-widget elementor-widget-heading\" data-id=\"3d8cf16f\" data-element_type=\"widget\" data-settings=\"{&quot;_animation&quot;:&quot;fadeIn&quot;}\" data-widget_type=\"heading.default\">\n\t\t\t\t<div class=\"elementor-widget-container\">\n\t\t\t\t\t<h1 class=\"elementor-heading-title elementor-size-default\">Exotic Pets: New Companion Animals<\/h1>\t\t\t\t<\/div>\n\t\t\t\t<\/div>\n\t\t\t\t<div class=\"elementor-element elementor-element-4f99c682 elementor-invisible elementor-widget elementor-widget-text-editor\" data-id=\"4f99c682\" data-element_type=\"widget\" data-settings=\"{&quot;_animation&quot;:&quot;fadeIn&quot;,&quot;_animation_delay&quot;:200}\" data-widget_type=\"text-editor.default\">\n\t\t\t\t<div class=\"elementor-widget-container\">\n\t\t\t\t\t\t\t\t\t<p>What is an Exotic Pet?<\/p><p>This term refers to New Companion Animals: including rabbits, rodents, guinea pigs, and ferrets, which are the most frequently encountered, but also birds and reptiles, which are seen less often but are becoming increasingly common.<\/p><p>Our exotic pet veterinarian, trained in rabbits, rodents (guinea pigs, hamsters, rats, etc.), and ferrets, will be pleased to welcome you and your small companion to provide necessary care and answer your questions. We offer annual health check-ups, nutritional advice, vaccination consultations, as well as medical consultations and certain surgeries (such as sterilization, dental care, and other more specific surgeries if needed). <\/p><p>We also provide hospitalization when necessary, for example, in cases of slowed transit in rabbits.<\/p><p>For other exotic pets (snakes, etc.) that require much more specific care, please do not hesitate to contact us; we can refer you to colleagues specializing in this field.<\/p><p>Please do not hesitate to contact us for information or to make an appointment.<\/p>\t\t\t\t\t\t\t\t<\/div>\n\t\t\t\t<\/div>\n\t\t\t\t<div class=\"elementor-element elementor-element-d989f92 elementor-widget elementor-widget-gallery\" data-id=\"d989f92\" data-element_type=\"widget\" data-settings=\"{&quot;columns&quot;:3,&quot;columns_tablet&quot;:3,&quot;lazyload&quot;:&quot;yes&quot;,&quot;gallery_layout&quot;:&quot;grid&quot;,&quot;columns_mobile&quot;:1,&quot;gap&quot;:{&quot;unit&quot;:&quot;px&quot;,&quot;size&quot;:10,&quot;sizes&quot;:[]},&quot;gap_widescreen&quot;:{&quot;unit&quot;:&quot;px&quot;,&quot;size&quot;:&quot;&quot;,&quot;sizes&quot;:[]},&quot;gap_laptop&quot;:{&quot;unit&quot;:&quot;px&quot;,&quot;size&quot;:10,&quot;sizes&quot;:[]},&quot;gap_tablet&quot;:{&quot;unit&quot;:&quot;px&quot;,&quot;size&quot;:10,&quot;sizes&quot;:[]},&quot;gap_mobile&quot;:{&quot;unit&quot;:&quot;px&quot;,&quot;size&quot;:10,&quot;sizes&quot;:[]},&quot;link_to&quot;:&quot;file&quot;,&quot;aspect_ratio&quot;:&quot;3:2&quot;,&quot;overlay_background&quot;:&quot;yes&quot;,&quot;content_hover_animation&quot;:&quot;fade-in&quot;}\" data-widget_type=\"gallery.default\">\n\t\t\t\t<div class=\"elementor-widget-container\">\n\t\t\t\t\t\t\t<div class=\"elementor-gallery__container\">\n\t\t\t\t\t\t\t<a class=\"e-gallery-item elementor-gallery-item elementor-animated-content\" href=\"https:\/\/veterinaire-des-coteaux.fr\/wp-content\/uploads\/2022\/07\/IMG_6801-scaled.jpg\" data-elementor-open-lightbox=\"yes\" data-elementor-lightbox-slideshow=\"d989f92\" data-elementor-lightbox-title=\"IMG_6801\" data-e-action-hash=\"#elementor-action%3Aaction%3Dlightbox%26settings%3DeyJpZCI6Mjk3MiwidXJsIjoiaHR0cHM6XC9cL3ZldGVyaW5haXJlLWRlcy1jb3RlYXV4LmZyXC93cC1jb250ZW50XC91cGxvYWRzXC8yMDIyXC8wN1wvSU1HXzY4MDEtc2NhbGVkLmpwZyIsInNsaWRlc2hvdyI6ImQ5ODlmOTIifQ%3D%3D\">\n\t\t\t\t\t<div class=\"e-gallery-image elementor-gallery-item__image\" data-thumbnail=\"https:\/\/veterinaire-des-coteaux.fr\/wp-content\/uploads\/2022\/07\/IMG_6801-1024x681.jpg\" data-width=\"800\" data-height=\"532\" aria-label=\"\" role=\"img\" ><\/div>\n\t\t\t\t\t\t\t\t\t\t\t<div class=\"elementor-gallery-item__overlay\"><\/div>\n\t\t\t\t\t\t\t\t\t\t\t\t\t\t<\/a>\n\t\t\t\t\t\t\t<a class=\"e-gallery-item elementor-gallery-item elementor-animated-content\" href=\"https:\/\/veterinaire-des-coteaux.fr\/wp-content\/uploads\/2022\/07\/vlcsnap-2022-07-20-14h19m12s990.jpg\" data-elementor-open-lightbox=\"yes\" data-elementor-lightbox-slideshow=\"d989f92\" data-elementor-lightbox-title=\"vlcsnap-2022-07-20-14h19m12s990\" data-e-action-hash=\"#elementor-action%3Aaction%3Dlightbox%26settings%3DeyJpZCI6Mjk3MywidXJsIjoiaHR0cHM6XC9cL3ZldGVyaW5haXJlLWRlcy1jb3RlYXV4LmZyXC93cC1jb250ZW50XC91cGxvYWRzXC8yMDIyXC8wN1wvdmxjc25hcC0yMDIyLTA3LTIwLTE0aDE5bTEyczk5MC5qcGciLCJzbGlkZXNob3ciOiJkOTg5ZjkyIn0%3D\">\n\t\t\t\t\t<div class=\"e-gallery-image elementor-gallery-item__image\" data-thumbnail=\"https:\/\/veterinaire-des-coteaux.fr\/wp-content\/uploads\/2022\/07\/vlcsnap-2022-07-20-14h19m12s990-1024x576.jpg\" data-width=\"800\" data-height=\"450\" aria-label=\"\" role=\"img\" ><\/div>\n\t\t\t\t\t\t\t\t\t\t\t<div class=\"elementor-gallery-item__overlay\"><\/div>\n\t\t\t\t\t\t\t\t\t\t\t\t\t\t<\/a>\n\t\t\t\t\t<\/div>\n\t\t\t\t\t<\/div>\n\t\t\t\t<\/div>\n\t\t\t\t\t<\/div>\n\t\t<\/div>\n\t\t\t\t\t<\/div>\n\t\t<\/section>\n\t\t\t\t<section class=\"elementor-section elementor-top-section elementor-element elementor-element-143d233c elementor-section-content-top elementor-section-boxed elementor-section-height-default elementor-section-height-default\" data-id=\"143d233c\" data-element_type=\"section\">\n\t\t\t\t\t\t<div class=\"elementor-container elementor-column-gap-no\">\n\t\t\t\t\t<div class=\"elementor-column elementor-col-100 elementor-top-column elementor-element elementor-element-228bcb55\" data-id=\"228bcb55\" data-element_type=\"column\">\n\t\t\t<div class=\"elementor-widget-wrap elementor-element-populated\">\n\t\t\t\t\t\t<div data-dce-title-color=\"#FF8000\" class=\"elementor-element elementor-element-3074aef animated-slow elementor-invisible elementor-widget elementor-widget-heading\" data-id=\"3074aef\" data-element_type=\"widget\" data-settings=\"{&quot;_animation&quot;:&quot;fadeIn&quot;}\" data-widget_type=\"heading.default\">\n\t\t\t\t<div class=\"elementor-widget-container\">\n\t\t\t\t\t<h2 class=\"elementor-heading-title elementor-size-default\">Answers to Your Questions!<\/h2>\t\t\t\t<\/div>\n\t\t\t\t<\/div>\n\t\t\t\t<div class=\"elementor-element elementor-element-626f6515 elementor-widget elementor-widget-toggle\" data-id=\"626f6515\" data-element_type=\"widget\" data-widget_type=\"toggle.default\">\n\t\t\t\t<div class=\"elementor-widget-container\">\n\t\t\t\t\t\t\t<div class=\"elementor-toggle\">\n\t\t\t\t\t\t\t<div class=\"elementor-toggle-item\">\n\t\t\t\t\t<div id=\"elementor-tab-title-1651\" class=\"elementor-tab-title\" data-tab=\"1\" role=\"button\" aria-controls=\"elementor-tab-content-1651\" aria-expanded=\"false\">\n\t\t\t\t\t\t\t\t\t\t\t\t<span class=\"elementor-toggle-icon elementor-toggle-icon-right\" aria-hidden=\"true\">\n\t\t\t\t\t\t\t\t\t\t\t\t\t\t\t<span class=\"elementor-toggle-icon-closed\"><\/span>\n\t\t\t\t\t\t\t\t<span class=\"elementor-toggle-icon-opened\"><\/span>\n\t\t\t\t\t\t\t\t\t\t\t\t\t<\/span>\n\t\t\t\t\t\t\t\t\t\t\t\t<a class=\"elementor-toggle-title\" tabindex=\"0\">What Care Does My Exotic Pet Need?<\/a>\n\t\t\t\t\t<\/div>\n\n\t\t\t\t\t<div id=\"elementor-tab-content-1651\" class=\"elementor-tab-content elementor-clearfix\" data-tab=\"1\" role=\"region\" aria-labelledby=\"elementor-tab-title-1651\"><p>Each exotic pet species has very specific needs, both in terms of environment and diet. Indeed, an environment or diet not suited to your small companion can have disastrous consequences for them. <\/p>\n<p>For example, rabbits have continuously growing teeth; they need to eat good quality hay constantly and fresh vegetables daily (again, not just any kind&#8230;) to wear down their teeth and prevent oral injuries or dental abscesses.<\/p>\n<p>Certain species can also benefit from annual vaccinations, which we can provide.<\/p>\n<p>Please do not hesitate to contact us for more information.<\/p>\n<\/div>\n\t\t\t\t<\/div>\n\t\t\t\t\t\t\t<div class=\"elementor-toggle-item\">\n\t\t\t\t\t<div id=\"elementor-tab-title-1652\" class=\"elementor-tab-title\" data-tab=\"2\" role=\"button\" aria-controls=\"elementor-tab-content-1652\" aria-expanded=\"false\">\n\t\t\t\t\t\t\t\t\t\t\t\t<span class=\"elementor-toggle-icon elementor-toggle-icon-right\" aria-hidden=\"true\">\n\t\t\t\t\t\t\t\t\t\t\t\t\t\t\t<span class=\"elementor-toggle-icon-closed\"><\/span>\n\t\t\t\t\t\t\t\t<span class=\"elementor-toggle-icon-opened\"><\/span>\n\t\t\t\t\t\t\t\t\t\t\t\t\t<\/span>\n\t\t\t\t\t\t\t\t\t\t\t\t<a class=\"elementor-toggle-title\" tabindex=\"0\">Does my ferret\/rabbit need to be sterilized?<\/a>\n\t\t\t\t\t<\/div>\n\n\t\t\t\t\t<div id=\"elementor-tab-content-1652\" class=\"elementor-tab-content elementor-clearfix\" data-tab=\"2\" role=\"region\" aria-labelledby=\"elementor-tab-title-1652\"><p>Male and female ferrets are very susceptible to hormone-related diseases. In females, heat cycles are permanent, which can lead to hyperestrogenism if the heat lasts longer than a month; fortunately, they cease during mating. This condition can cause very severe bone marrow aplasia, which can be fatal. Sterilization from 5-6 months of age helps prevent this.   <\/p>\n<p>Males can develop hormone-related hyperprostatism, which can lead to urethral obstruction. This condition can occur in unneutered male ferrets as well as in sterilized ones when the adrenal gland takes over hormone production. In all cases, solutions exist; please do not hesitate to contact us for more information, and we will be happy to answer your questions.  <\/p>\n<p>Male rabbits can be castrated from 6 months of age to prevent urinary marking issues and aggression towards you or other household animals. <br \/>From the age of three, testicular tumors can also develop. <br \/>Regarding female rabbits, they are unfortunately prone to very common uterine tumors (80% of females over 5 years old develop uterine adenocarcinoma); sterilization helps prevent these age-related problems.<\/p>\n<p>Please do not hesitate to call us for more information.<\/p>\n<\/div>\n\t\t\t\t<\/div>\n\t\t\t\t\t\t\t<div class=\"elementor-toggle-item\">\n\t\t\t\t\t<div id=\"elementor-tab-title-1653\" class=\"elementor-tab-title\" data-tab=\"3\" role=\"button\" aria-controls=\"elementor-tab-content-1653\" aria-expanded=\"false\">\n\t\t\t\t\t\t\t\t\t\t\t\t<span class=\"elementor-toggle-icon elementor-toggle-icon-right\" aria-hidden=\"true\">\n\t\t\t\t\t\t\t\t\t\t\t\t\t\t\t<span class=\"elementor-toggle-icon-closed\"><\/span>\n\t\t\t\t\t\t\t\t<span class=\"elementor-toggle-icon-opened\"><\/span>\n\t\t\t\t\t\t\t\t\t\t\t\t\t<\/span>\n\t\t\t\t\t\t\t\t\t\t\t\t<a class=\"elementor-toggle-title\" tabindex=\"0\">Does my guinea pig need flea treatment?<\/a>\n\t\t\t\t\t<\/div>\n\n\t\t\t\t\t<div id=\"elementor-tab-content-1653\" class=\"elementor-tab-content elementor-clearfix\" data-tab=\"3\" role=\"region\" aria-labelledby=\"elementor-tab-title-1653\"><p>If your pet goes outdoors or is in contact with other animals that go outdoors, we recommend administering antiparasitics regularly. Please contact our team; we will advise you as best as possible for your companions. <\/p>\n<\/div>\n\t\t\t\t<\/div>\n\t\t\t\t\t\t\t<div class=\"elementor-toggle-item\">\n\t\t\t\t\t<div id=\"elementor-tab-title-1654\" class=\"elementor-tab-title\" data-tab=\"4\" role=\"button\" aria-controls=\"elementor-tab-content-1654\" aria-expanded=\"false\">\n\t\t\t\t\t\t\t\t\t\t\t\t<span class=\"elementor-toggle-icon elementor-toggle-icon-right\" aria-hidden=\"true\">\n\t\t\t\t\t\t\t\t\t\t\t\t\t\t\t<span class=\"elementor-toggle-icon-closed\"><\/span>\n\t\t\t\t\t\t\t\t<span class=\"elementor-toggle-icon-opened\"><\/span>\n\t\t\t\t\t\t\t\t\t\t\t\t\t<\/span>\n\t\t\t\t\t\t\t\t\t\t\t\t<a class=\"elementor-toggle-title\" tabindex=\"0\">Can my guinea pig have a litter?<\/a>\n\t\t\t\t\t<\/div>\n\n\t\t\t\t\t<div id=\"elementor-tab-content-1654\" class=\"elementor-tab-content elementor-clearfix\" data-tab=\"4\" role=\"region\" aria-labelledby=\"elementor-tab-title-1654\"><p>Yes and no&#8230; it depends on her weight and especially her age!<\/p>\n<p>Indeed, if your small guinea pig is over 9 months old and has never had a litter before, it is not recommended to breed her, as the pelvic symphysis (which separates during birth to allow the passage of the young) will have fused (generally between 9 and 12 months). Consequently, birth can be complicated and may require a C-section. <\/p>\n<p>The recommended age for breeding is between 5 and 9 months (with a minimum weight of 750g) for a first litter.<\/p>\n<p>If she is too young and does not have sufficient weight, gestation will deplete her reserves and can lead to deficiencies, growth retardation, and difficulties in giving birth because the young are too large.<\/p>\n<p>Generally, guinea pigs give birth naturally without our help and when we are not watching&#8230;<\/p>\n<p>Contact us for more information; we will be happy to answer your questions and offer the most suitable solutions for your guinea pig&#8217;s care.<\/p>\n<\/div>\n\t\t\t\t<\/div>\n\t\t\t\t\t\t\t\t\t\t<script type=\"application\/ld+json\">{\"@context\":\"https:\\\/\\\/schema.org\",\"@type\":\"FAQPage\",\"mainEntity\":[{\"@type\":\"Question\",\"name\":\"What Care Does My Exotic Pet Need?\",\"acceptedAnswer\":{\"@type\":\"Answer\",\"text\":\"<p>Each exotic pet species has very specific needs, both in terms of environment and diet. Indeed, an environment or diet not suited to your small companion can have disastrous consequences for them. <\\\/p>\\n<p>For example, rabbits have continuously growing teeth; they need to eat good quality hay constantly and fresh vegetables daily (again, not just any kind&#8230;) to wear down their teeth and prevent oral injuries or dental abscesses.<\\\/p>\\n<p>Certain species can also benefit from annual vaccinations, which we can provide.<\\\/p>\\n<p>Please do not hesitate to contact us for more information.<\\\/p>\\n\"}},{\"@type\":\"Question\",\"name\":\"Does my ferret\\\/rabbit need to be sterilized?\",\"acceptedAnswer\":{\"@type\":\"Answer\",\"text\":\"<p>Male and female ferrets are very susceptible to hormone-related diseases. In females, heat cycles are permanent, which can lead to hyperestrogenism if the heat lasts longer than a month; fortunately, they cease during mating. This condition can cause very severe bone marrow aplasia, which can be fatal. Sterilization from 5-6 months of age helps prevent this.   <\\\/p>\\n<p>Males can develop hormone-related hyperprostatism, which can lead to urethral obstruction. This condition can occur in unneutered male ferrets as well as in sterilized ones when the adrenal gland takes over hormone production. In all cases, solutions exist; please do not hesitate to contact us for more information, and we will be happy to answer your questions.  <\\\/p>\\n<p>Male rabbits can be castrated from 6 months of age to prevent urinary marking issues and aggression towards you or other household animals. <br \\\/>From the age of three, testicular tumors can also develop. <br \\\/>Regarding female rabbits, they are unfortunately prone to very common uterine tumors (80% of females over 5 years old develop uterine adenocarcinoma); sterilization helps prevent these age-related problems.<\\\/p>\\n<p>Please do not hesitate to call us for more information.<\\\/p>\\n\"}},{\"@type\":\"Question\",\"name\":\"Does my guinea pig need flea treatment?\",\"acceptedAnswer\":{\"@type\":\"Answer\",\"text\":\"<p>If your pet goes outdoors or is in contact with other animals that go outdoors, we recommend administering antiparasitics regularly. Please contact our team; we will advise you as best as possible for your companions. <\\\/p>\\n\"}},{\"@type\":\"Question\",\"name\":\"Can my guinea pig have a litter?\",\"acceptedAnswer\":{\"@type\":\"Answer\",\"text\":\"<p>Yes and no&#8230; it depends on her weight and especially her age!<\\\/p>\\n<p>Indeed, if your small guinea pig is over 9 months old and has never had a litter before, it is not recommended to breed her, as the pelvic symphysis (which separates during birth to allow the passage of the young) will have fused (generally between 9 and 12 months). Consequently, birth can be complicated and may require a C-section. <\\\/p>\\n<p>The recommended age for breeding is between 5 and 9 months (with a minimum weight of 750g) for a first litter.<\\\/p>\\n<p>If she is too young and does not have sufficient weight, gestation will deplete her reserves and can lead to deficiencies, growth retardation, and difficulties in giving birth because the young are too large.<\\\/p>\\n<p>Generally, guinea pigs give birth naturally without our help and when we are not watching&#8230;<\\\/p>\\n<p>Contact us for more information; we will be happy to answer your questions and offer the most suitable solutions for your guinea pig&#8217;s care.<\\\/p>\\n\"}}]}<\/script>\n\t\t\t\t\t<\/div>\n\t\t\t\t\t\t<\/div>\n\t\t\t\t<\/div>\n\t\t\t\t\t<\/div>\n\t\t<\/div>\n\t\t\t\t\t<\/div>\n\t\t<\/section>\n\t\t\t\t<\/div>\n\t\t","protected":false},"excerpt":{"rendered":"<p>Exotic Pets: New Companion Animals What is an Exotic Pet? This term refers to New Companion Animals: including rabbits, rodents, guinea pigs, and ferrets, which are the most frequently encountered, but also birds and reptiles, which are seen less often but are becoming increasingly common. Our exotic pet veterinarian, trained in rabbits, rodents (guinea pigs, [&hellip;]<\/p>\n","protected":false},"author":1,"featured_media":0,"parent":0,"menu_order":0,"comment_status":"closed","ping_status":"closed","template":"","meta":{"_acf_changed":false,"footnotes":""},"class_list":["post-3039","page","type-page","status-publish","hentry"],"acf":[],"yoast_head":"<!-- This site is optimized with the Yoast SEO plugin v27.5 - https:\/\/yoast.com\/product\/yoast-seo-wordpress\/ -->\n<title>Exotic Pet Veterinarian in Juran\u00e7on - South of Pau<\/title>\n<meta name=\"description\" content=\"The Coteaux Veterinary Clinic in Juran\u00e7on specializes in the care and follow-up of exotic pets (new companion animals).\" \/>\n<meta name=\"robots\" content=\"index, follow, max-snippet:-1, max-image-preview:large, max-video-preview:-1\" \/>\n<link rel=\"canonical\" href=\"https:\/\/veterinaire-des-coteaux.fr\/en\/exotic-pets\/\" \/>\n<meta property=\"og:locale\" content=\"en_US\" \/>\n<meta property=\"og:type\" content=\"article\" \/>\n<meta property=\"og:title\" content=\"Exotic Pet Veterinarian in Juran\u00e7on - South of Pau\" \/>\n<meta property=\"og:description\" content=\"The Coteaux Veterinary Clinic in Juran\u00e7on specializes in the care and follow-up of exotic pets (new companion animals).\" \/>\n<meta property=\"og:url\" content=\"https:\/\/veterinaire-des-coteaux.fr\/en\/exotic-pets\/\" \/>\n<meta property=\"og:site_name\" content=\"V\u00e9t\u00e9rinaire des coteaux\" \/>\n<meta property=\"article:publisher\" content=\"https:\/\/www.facebook.com\/cabinetveterinairedescoteaux\/\" \/>\n<meta property=\"article:modified_time\" content=\"2026-01-08T09:28:54+00:00\" \/>\n<meta property=\"og:image\" content=\"https:\/\/veterinaire-des-coteaux.fr\/wp-content\/uploads\/2022\/06\/dong-cheng-0yAGGlSg9Oc-unsplash-scaled.jpg\" \/>\n\t<meta property=\"og:image:width\" content=\"2048\" \/>\n\t<meta property=\"og:image:height\" content=\"1370\" \/>\n\t<meta property=\"og:image:type\" content=\"image\/jpeg\" \/>\n<meta name=\"twitter:card\" content=\"summary_large_image\" \/>\n<meta name=\"twitter:label1\" content=\"Est. reading time\" \/>\n\t<meta name=\"twitter:data1\" content=\"3 minutes\" \/>\n<!-- \/ Yoast SEO plugin. -->","yoast_head_json":{"title":"Exotic Pet Veterinarian in Juran\u00e7on - South of Pau","description":"The Coteaux Veterinary Clinic in Juran\u00e7on specializes in the care and follow-up of exotic pets (new companion animals).","robots":{"index":"index","follow":"follow","max-snippet":"max-snippet:-1","max-image-preview":"max-image-preview:large","max-video-preview":"max-video-preview:-1"},"canonical":"https:\/\/veterinaire-des-coteaux.fr\/en\/exotic-pets\/","og_locale":"en_US","og_type":"article","og_title":"Exotic Pet Veterinarian in Juran\u00e7on - South of Pau","og_description":"The Coteaux Veterinary Clinic in Juran\u00e7on specializes in the care and follow-up of exotic pets (new companion animals).","og_url":"https:\/\/veterinaire-des-coteaux.fr\/en\/exotic-pets\/","og_site_name":"V\u00e9t\u00e9rinaire des coteaux","article_publisher":"https:\/\/www.facebook.com\/cabinetveterinairedescoteaux\/","article_modified_time":"2026-01-08T09:28:54+00:00","og_image":[{"width":2048,"height":1370,"url":"https:\/\/veterinaire-des-coteaux.fr\/wp-content\/uploads\/2022\/06\/dong-cheng-0yAGGlSg9Oc-unsplash-scaled.jpg","type":"image\/jpeg"}],"twitter_card":"summary_large_image","twitter_misc":{"Est. reading time":"3 minutes"},"schema":{"@context":"https:\/\/schema.org","@graph":[{"@type":"WebPage","@id":"https:\/\/veterinaire-des-coteaux.fr\/en\/exotic-pets\/","url":"https:\/\/veterinaire-des-coteaux.fr\/en\/exotic-pets\/","name":"Exotic Pet Veterinarian in Juran\u00e7on - South of Pau","isPartOf":{"@id":"https:\/\/veterinaire-des-coteaux.fr\/en\/#website"},"datePublished":"2022-04-22T13:53:05+00:00","dateModified":"2026-01-08T09:28:54+00:00","description":"The Coteaux Veterinary Clinic in Juran\u00e7on specializes in the care and follow-up of exotic pets (new companion animals).","breadcrumb":{"@id":"https:\/\/veterinaire-des-coteaux.fr\/en\/exotic-pets\/#breadcrumb"},"inLanguage":"en-US","potentialAction":[{"@type":"ReadAction","target":["https:\/\/veterinaire-des-coteaux.fr\/en\/exotic-pets\/"]}]},{"@type":"BreadcrumbList","@id":"https:\/\/veterinaire-des-coteaux.fr\/en\/exotic-pets\/#breadcrumb","itemListElement":[{"@type":"ListItem","position":1,"name":"Accueil","item":"https:\/\/veterinaire-des-coteaux.fr\/en\/veterinaires-des-coteaux-jurancon-pau\/"},{"@type":"ListItem","position":2,"name":"Exotic Pets"}]},{"@type":"WebSite","@id":"https:\/\/veterinaire-des-coteaux.fr\/en\/#website","url":"https:\/\/veterinaire-des-coteaux.fr\/en\/","name":"V\u00e9t\u00e9rinaire des coteaux","description":"Cabinet v\u00e9t\u00e9rinaire Juran\u00e7on - Pau","publisher":{"@id":"https:\/\/veterinaire-des-coteaux.fr\/en\/#organization"},"potentialAction":[{"@type":"SearchAction","target":{"@type":"EntryPoint","urlTemplate":"https:\/\/veterinaire-des-coteaux.fr\/en\/?s={search_term_string}"},"query-input":{"@type":"PropertyValueSpecification","valueRequired":true,"valueName":"search_term_string"}}],"inLanguage":"en-US"},{"@type":"Organization","@id":"https:\/\/veterinaire-des-coteaux.fr\/en\/#organization","name":"V\u00e9t\u00e9rinaire des coteaux - Juran\u00e7on - Pau","url":"https:\/\/veterinaire-des-coteaux.fr\/en\/","logo":{"@type":"ImageObject","inLanguage":"en-US","@id":"https:\/\/veterinaire-des-coteaux.fr\/en\/#\/schema\/logo\/image\/","url":"https:\/\/veterinaire-des-coteaux.fr\/wp-content\/uploads\/2022\/02\/Logo-V_04-4_Q.png","contentUrl":"https:\/\/veterinaire-des-coteaux.fr\/wp-content\/uploads\/2022\/02\/Logo-V_04-4_Q.png","width":595,"height":522,"caption":"V\u00e9t\u00e9rinaire des coteaux - Juran\u00e7on - Pau"},"image":{"@id":"https:\/\/veterinaire-des-coteaux.fr\/en\/#\/schema\/logo\/image\/"},"sameAs":["https:\/\/www.facebook.com\/cabinetveterinairedescoteaux\/"]}]}},"_links":{"self":[{"href":"https:\/\/veterinaire-des-coteaux.fr\/en\/wp-json\/wp\/v2\/pages\/3039","targetHints":{"allow":["GET"]}}],"collection":[{"href":"https:\/\/veterinaire-des-coteaux.fr\/en\/wp-json\/wp\/v2\/pages"}],"about":[{"href":"https:\/\/veterinaire-des-coteaux.fr\/en\/wp-json\/wp\/v2\/types\/page"}],"author":[{"embeddable":true,"href":"https:\/\/veterinaire-des-coteaux.fr\/en\/wp-json\/wp\/v2\/users\/1"}],"replies":[{"embeddable":true,"href":"https:\/\/veterinaire-des-coteaux.fr\/en\/wp-json\/wp\/v2\/comments?post=3039"}],"version-history":[{"count":0,"href":"https:\/\/veterinaire-des-coteaux.fr\/en\/wp-json\/wp\/v2\/pages\/3039\/revisions"}],"wp:attachment":[{"href":"https:\/\/veterinaire-des-coteaux.fr\/en\/wp-json\/wp\/v2\/media?parent=3039"}],"curies":[{"name":"wp","href":"https:\/\/api.w.org\/{rel}","templated":true}]}}