{"id":3035,"date":"2022-03-08T10:42:20","date_gmt":"2022-03-08T09:42:20","guid":{"rendered":"https:\/\/veterinaire-des-coteaux.fr\/consultation\/"},"modified":"2026-01-08T10:28:53","modified_gmt":"2026-01-08T09:28:53","slug":"consultation","status":"publish","type":"page","link":"https:\/\/veterinaire-des-coteaux.fr\/en\/consultation\/","title":{"rendered":"Consultation"},"content":{"rendered":"\t\t<div data-elementor-type=\"wp-page\" data-elementor-id=\"3035\" class=\"elementor elementor-3035 elementor-171\" data-elementor-post-type=\"page\">\n\t\t\t\t\t\t<section data-dce-background-image-url=\"https:\/\/veterinaire-des-coteaux.fr\/wp-content\/uploads\/2025\/01\/Veterinaire-Pau-8-scaled.jpg\" class=\"elementor-section elementor-top-section elementor-element elementor-element-2f34bbad elementor-section-full_width elementor-section-height-min-height elementor-section-height-default elementor-section-items-middle\" data-id=\"2f34bbad\" data-element_type=\"section\" data-settings=\"{&quot;background_background&quot;:&quot;classic&quot;}\">\n\t\t\t\t\t\t\t<div class=\"elementor-background-overlay\"><\/div>\n\t\t\t\t\t\t\t<div class=\"elementor-container elementor-column-gap-no\">\n\t\t\t\t\t<div class=\"elementor-column elementor-col-100 elementor-top-column elementor-element elementor-element-d354d4d\" data-id=\"d354d4d\" data-element_type=\"column\">\n\t\t\t<div class=\"elementor-widget-wrap\">\n\t\t\t\t\t\t\t<\/div>\n\t\t<\/div>\n\t\t\t\t\t<\/div>\n\t\t<\/section>\n\t\t\t\t<section class=\"elementor-section elementor-top-section elementor-element elementor-element-412a11d0 elementor-section-full_width elementor-section-height-min-height elementor-section-items-stretch elementor-section-content-middle elementor-reverse-tablet elementor-reverse-mobile elementor-section-height-default\" data-id=\"412a11d0\" data-element_type=\"section\">\n\t\t\t\t\t\t<div class=\"elementor-container elementor-column-gap-no\">\n\t\t\t\t\t<div data-dce-background-image-url=\"https:\/\/veterinaire-des-coteaux.fr\/wp-content\/uploads\/2025\/01\/Veterinaire-Pau-18-scaled.jpg\" class=\"elementor-column elementor-col-50 elementor-top-column elementor-element elementor-element-75a11964\" data-id=\"75a11964\" data-element_type=\"column\" data-settings=\"{&quot;background_background&quot;:&quot;classic&quot;}\">\n\t\t\t<div class=\"elementor-widget-wrap elementor-element-populated\">\n\t\t\t\t\t\t<div class=\"elementor-element elementor-element-6ec2b57e elementor-widget elementor-widget-spacer\" data-id=\"6ec2b57e\" data-element_type=\"widget\" data-widget_type=\"spacer.default\">\n\t\t\t\t<div class=\"elementor-widget-container\">\n\t\t\t\t\t\t\t<div class=\"elementor-spacer\">\n\t\t\t<div class=\"elementor-spacer-inner\"><\/div>\n\t\t<\/div>\n\t\t\t\t\t\t<\/div>\n\t\t\t\t<\/div>\n\t\t\t\t\t<\/div>\n\t\t<\/div>\n\t\t\t\t<div class=\"elementor-column elementor-col-50 elementor-top-column elementor-element elementor-element-2c013292\" data-id=\"2c013292\" data-element_type=\"column\">\n\t\t\t<div class=\"elementor-widget-wrap elementor-element-populated\">\n\t\t\t\t\t\t<div data-dce-title-color=\"#FF8000\" class=\"elementor-element elementor-element-7d59d6a elementor-widget elementor-widget-heading\" data-id=\"7d59d6a\" data-element_type=\"widget\" data-widget_type=\"heading.default\">\n\t\t\t\t<div class=\"elementor-widget-container\">\n\t\t\t\t\t<h1 class=\"elementor-heading-title elementor-size-default\">Veterinary Consultations<\/h1>\t\t\t\t<\/div>\n\t\t\t\t<\/div>\n\t\t\t\t<div class=\"elementor-element elementor-element-d5a4c79 elementor-widget elementor-widget-text-editor\" data-id=\"d5a4c79\" data-element_type=\"widget\" data-widget_type=\"text-editor.default\">\n\t\t\t\t<div class=\"elementor-widget-container\">\n\t\t\t\t\t\t\t\t\t<p>Our young and dynamic team of veterinarians and veterinary assistants welcomes you for general consultations in medicine, preventive medicine, surgery, nutrition, general cardiology, reproduction, and endocrinology.<\/p><p>Our clinic has two fully equipped consultation rooms and the additional equipment necessary for the diagnosis and monitoring of your pet.<\/p><p>We offer a wide range of services to keep your family member healthy and happy.<\/p><p>Whether for general consultations, check-ups, routine care, or more specialized treatments, our team is trained to meet all your pet&#8217;s needs.<\/p><p>Our goal is to work as a team, leveraging everyone&#8217;s skills to provide the highest quality care while respecting the well-being of your pet and yourself.<\/p><p>Our team remains at your disposal to answer any questions you may have; please do not hesitate to contact us.<\/p>\t\t\t\t\t\t\t\t<\/div>\n\t\t\t\t<\/div>\n\t\t\t\t\t<\/div>\n\t\t<\/div>\n\t\t\t\t\t<\/div>\n\t\t<\/section>\n\t\t\t\t<section class=\"elementor-section elementor-top-section elementor-element elementor-element-1aef4552 elementor-section-boxed elementor-section-height-default elementor-section-height-default\" data-id=\"1aef4552\" data-element_type=\"section\">\n\t\t\t\t\t\t<div class=\"elementor-container elementor-column-gap-no\">\n\t\t\t\t\t<div class=\"elementor-column elementor-col-100 elementor-top-column elementor-element elementor-element-48210bbc\" data-id=\"48210bbc\" data-element_type=\"column\">\n\t\t\t<div class=\"elementor-widget-wrap elementor-element-populated\">\n\t\t\t\t\t\t<div class=\"elementor-element elementor-element-1f9e2ca elementor-widget elementor-widget-gallery\" data-id=\"1f9e2ca\" data-element_type=\"widget\" data-settings=\"{&quot;aspect_ratio&quot;:&quot;9:16&quot;,&quot;lazyload&quot;:&quot;yes&quot;,&quot;gallery_layout&quot;:&quot;grid&quot;,&quot;columns&quot;:4,&quot;columns_tablet&quot;:2,&quot;columns_mobile&quot;:1,&quot;gap&quot;:{&quot;unit&quot;:&quot;px&quot;,&quot;size&quot;:10,&quot;sizes&quot;:[]},&quot;gap_widescreen&quot;:{&quot;unit&quot;:&quot;px&quot;,&quot;size&quot;:&quot;&quot;,&quot;sizes&quot;:[]},&quot;gap_laptop&quot;:{&quot;unit&quot;:&quot;px&quot;,&quot;size&quot;:10,&quot;sizes&quot;:[]},&quot;gap_tablet&quot;:{&quot;unit&quot;:&quot;px&quot;,&quot;size&quot;:10,&quot;sizes&quot;:[]},&quot;gap_mobile&quot;:{&quot;unit&quot;:&quot;px&quot;,&quot;size&quot;:10,&quot;sizes&quot;:[]},&quot;link_to&quot;:&quot;file&quot;,&quot;overlay_background&quot;:&quot;yes&quot;,&quot;content_hover_animation&quot;:&quot;fade-in&quot;}\" data-widget_type=\"gallery.default\">\n\t\t\t\t<div class=\"elementor-widget-container\">\n\t\t\t\t\t\t\t<div class=\"elementor-gallery__container\">\n\t\t\t\t\t\t\t<a class=\"e-gallery-item elementor-gallery-item elementor-animated-content\" href=\"https:\/\/veterinaire-des-coteaux.fr\/wp-content\/uploads\/2025\/01\/Veterinaire-Pau-3-scaled.jpg\" data-elementor-open-lightbox=\"yes\" data-elementor-lightbox-slideshow=\"1f9e2ca\" data-elementor-lightbox-title=\"V\u00e9t\u00e9rinaire-Pau (3)\" data-e-action-hash=\"#elementor-action%3Aaction%3Dlightbox%26settings%3DeyJpZCI6Mjk4NCwidXJsIjoiaHR0cHM6XC9cL3ZldGVyaW5haXJlLWRlcy1jb3RlYXV4LmZyXC93cC1jb250ZW50XC91cGxvYWRzXC8yMDI1XC8wMVwvVmV0ZXJpbmFpcmUtUGF1LTMtc2NhbGVkLmpwZyIsInNsaWRlc2hvdyI6IjFmOWUyY2EifQ%3D%3D\">\n\t\t\t\t\t<div class=\"e-gallery-image elementor-gallery-item__image\" data-thumbnail=\"https:\/\/veterinaire-des-coteaux.fr\/wp-content\/uploads\/2025\/01\/Veterinaire-Pau-3-1024x683.jpg\" data-width=\"800\" data-height=\"534\" aria-label=\"\" role=\"img\" ><\/div>\n\t\t\t\t\t\t\t\t\t\t\t<div class=\"elementor-gallery-item__overlay\"><\/div>\n\t\t\t\t\t\t\t\t\t\t\t\t\t\t<\/a>\n\t\t\t\t\t\t\t<a class=\"e-gallery-item elementor-gallery-item elementor-animated-content\" href=\"https:\/\/veterinaire-des-coteaux.fr\/wp-content\/uploads\/2025\/01\/Veterinaire-Pau-4-scaled.jpg\" data-elementor-open-lightbox=\"yes\" data-elementor-lightbox-slideshow=\"1f9e2ca\" data-elementor-lightbox-title=\"V\u00e9t\u00e9rinaire-Pau (4)\" data-e-action-hash=\"#elementor-action%3Aaction%3Dlightbox%26settings%3DeyJpZCI6Mjk4NSwidXJsIjoiaHR0cHM6XC9cL3ZldGVyaW5haXJlLWRlcy1jb3RlYXV4LmZyXC93cC1jb250ZW50XC91cGxvYWRzXC8yMDI1XC8wMVwvVmV0ZXJpbmFpcmUtUGF1LTQtc2NhbGVkLmpwZyIsInNsaWRlc2hvdyI6IjFmOWUyY2EifQ%3D%3D\">\n\t\t\t\t\t<div class=\"e-gallery-image elementor-gallery-item__image\" data-thumbnail=\"https:\/\/veterinaire-des-coteaux.fr\/wp-content\/uploads\/2025\/01\/Veterinaire-Pau-4-1024x683.jpg\" data-width=\"800\" data-height=\"534\" aria-label=\"\" role=\"img\" ><\/div>\n\t\t\t\t\t\t\t\t\t\t\t<div class=\"elementor-gallery-item__overlay\"><\/div>\n\t\t\t\t\t\t\t\t\t\t\t\t\t\t<\/a>\n\t\t\t\t\t\t\t<a class=\"e-gallery-item elementor-gallery-item elementor-animated-content\" href=\"https:\/\/veterinaire-des-coteaux.fr\/wp-content\/uploads\/2025\/01\/Veterinaire-Pau-19-scaled.jpg\" data-elementor-open-lightbox=\"yes\" data-elementor-lightbox-slideshow=\"1f9e2ca\" data-elementor-lightbox-title=\"V\u00e9t\u00e9rinaire-Pau (19)\" data-e-action-hash=\"#elementor-action%3Aaction%3Dlightbox%26settings%3DeyJpZCI6Mjk5OCwidXJsIjoiaHR0cHM6XC9cL3ZldGVyaW5haXJlLWRlcy1jb3RlYXV4LmZyXC93cC1jb250ZW50XC91cGxvYWRzXC8yMDI1XC8wMVwvVmV0ZXJpbmFpcmUtUGF1LTE5LXNjYWxlZC5qcGciLCJzbGlkZXNob3ciOiIxZjllMmNhIn0%3D\">\n\t\t\t\t\t<div class=\"e-gallery-image elementor-gallery-item__image\" data-thumbnail=\"https:\/\/veterinaire-des-coteaux.fr\/wp-content\/uploads\/2025\/01\/Veterinaire-Pau-19-1024x683.jpg\" data-width=\"800\" data-height=\"534\" aria-label=\"\" role=\"img\" ><\/div>\n\t\t\t\t\t\t\t\t\t\t\t<div class=\"elementor-gallery-item__overlay\"><\/div>\n\t\t\t\t\t\t\t\t\t\t\t\t\t\t<\/a>\n\t\t\t\t\t\t\t<a class=\"e-gallery-item elementor-gallery-item elementor-animated-content\" href=\"https:\/\/veterinaire-des-coteaux.fr\/wp-content\/uploads\/2025\/01\/Veterinaire-Pau-20-scaled.jpg\" data-elementor-open-lightbox=\"yes\" data-elementor-lightbox-slideshow=\"1f9e2ca\" data-elementor-lightbox-title=\"V\u00e9t\u00e9rinaire-Pau (20)\" data-e-action-hash=\"#elementor-action%3Aaction%3Dlightbox%26settings%3DeyJpZCI6Mjk5MSwidXJsIjoiaHR0cHM6XC9cL3ZldGVyaW5haXJlLWRlcy1jb3RlYXV4LmZyXC93cC1jb250ZW50XC91cGxvYWRzXC8yMDI1XC8wMVwvVmV0ZXJpbmFpcmUtUGF1LTIwLXNjYWxlZC5qcGciLCJzbGlkZXNob3ciOiIxZjllMmNhIn0%3D\">\n\t\t\t\t\t<div class=\"e-gallery-image elementor-gallery-item__image\" data-thumbnail=\"https:\/\/veterinaire-des-coteaux.fr\/wp-content\/uploads\/2025\/01\/Veterinaire-Pau-20-1024x683.jpg\" data-width=\"800\" data-height=\"534\" aria-label=\"\" role=\"img\" ><\/div>\n\t\t\t\t\t\t\t\t\t\t\t<div class=\"elementor-gallery-item__overlay\"><\/div>\n\t\t\t\t\t\t\t\t\t\t\t\t\t\t<\/a>\n\t\t\t\t\t<\/div>\n\t\t\t\t\t<\/div>\n\t\t\t\t<\/div>\n\t\t\t\t\t<\/div>\n\t\t<\/div>\n\t\t\t\t\t<\/div>\n\t\t<\/section>\n\t\t\t\t<\/div>\n\t\t","protected":false},"excerpt":{"rendered":"<p>Veterinary Consultations Our young and dynamic team of veterinarians and veterinary assistants welcomes you for general consultations in medicine, preventive medicine, surgery, nutrition, general cardiology, reproduction, and endocrinology. Our clinic has two fully equipped consultation rooms and the additional equipment necessary for the diagnosis and monitoring of your pet. We offer a wide range of [&hellip;]<\/p>\n","protected":false},"author":1,"featured_media":0,"parent":0,"menu_order":0,"comment_status":"closed","ping_status":"closed","template":"","meta":{"_acf_changed":false,"footnotes":""},"class_list":["post-3035","page","type-page","status-publish","hentry"],"acf":[],"yoast_head":"<!-- This site is optimized with the Yoast SEO plugin v27.5 - https:\/\/yoast.com\/product\/yoast-seo-wordpress\/ -->\n<title>Veterinary consultation for your pets and exotic pets in Pau and Juran\u00e7on<\/title>\n<meta name=\"description\" content=\"Veterinary consultation for your pets and exotic pets. A team of veterinarians in Juran\u00e7on near Pau with free parking.\" \/>\n<meta name=\"robots\" content=\"index, follow, max-snippet:-1, max-image-preview:large, max-video-preview:-1\" \/>\n<link rel=\"canonical\" href=\"https:\/\/veterinaire-des-coteaux.fr\/en\/consultation\/\" \/>\n<meta property=\"og:locale\" content=\"en_US\" \/>\n<meta property=\"og:type\" content=\"article\" \/>\n<meta property=\"og:title\" content=\"Veterinary consultation for your pets and exotic pets in Pau and Juran\u00e7on\" \/>\n<meta property=\"og:description\" content=\"Veterinary consultation for your pets and exotic pets. A team of veterinarians in Juran\u00e7on near Pau with free parking.\" \/>\n<meta property=\"og:url\" content=\"https:\/\/veterinaire-des-coteaux.fr\/en\/consultation\/\" \/>\n<meta property=\"og:site_name\" content=\"V\u00e9t\u00e9rinaire des coteaux\" \/>\n<meta property=\"article:publisher\" content=\"https:\/\/www.facebook.com\/cabinetveterinairedescoteaux\/\" \/>\n<meta property=\"article:modified_time\" content=\"2026-01-08T09:28:53+00:00\" \/>\n<meta property=\"og:image\" content=\"https:\/\/veterinaire-des-coteaux.fr\/wp-content\/uploads\/2022\/06\/dong-cheng-0yAGGlSg9Oc-unsplash-scaled.jpg\" \/>\n\t<meta property=\"og:image:width\" content=\"2048\" \/>\n\t<meta property=\"og:image:height\" content=\"1370\" \/>\n\t<meta property=\"og:image:type\" content=\"image\/jpeg\" \/>\n<meta name=\"twitter:card\" content=\"summary_large_image\" \/>\n<meta name=\"twitter:label1\" content=\"Est. reading time\" \/>\n\t<meta name=\"twitter:data1\" content=\"1 minute\" \/>\n<!-- \/ Yoast SEO plugin. -->","yoast_head_json":{"title":"Veterinary consultation for your pets and exotic pets in Pau and Juran\u00e7on","description":"Veterinary consultation for your pets and exotic pets. A team of veterinarians in Juran\u00e7on near Pau with free parking.","robots":{"index":"index","follow":"follow","max-snippet":"max-snippet:-1","max-image-preview":"max-image-preview:large","max-video-preview":"max-video-preview:-1"},"canonical":"https:\/\/veterinaire-des-coteaux.fr\/en\/consultation\/","og_locale":"en_US","og_type":"article","og_title":"Veterinary consultation for your pets and exotic pets in Pau and Juran\u00e7on","og_description":"Veterinary consultation for your pets and exotic pets. A team of veterinarians in Juran\u00e7on near Pau with free parking.","og_url":"https:\/\/veterinaire-des-coteaux.fr\/en\/consultation\/","og_site_name":"V\u00e9t\u00e9rinaire des coteaux","article_publisher":"https:\/\/www.facebook.com\/cabinetveterinairedescoteaux\/","article_modified_time":"2026-01-08T09:28:53+00:00","og_image":[{"width":2048,"height":1370,"url":"https:\/\/veterinaire-des-coteaux.fr\/wp-content\/uploads\/2022\/06\/dong-cheng-0yAGGlSg9Oc-unsplash-scaled.jpg","type":"image\/jpeg"}],"twitter_card":"summary_large_image","twitter_misc":{"Est. reading time":"1 minute"},"schema":{"@context":"https:\/\/schema.org","@graph":[{"@type":"WebPage","@id":"https:\/\/veterinaire-des-coteaux.fr\/en\/consultation\/","url":"https:\/\/veterinaire-des-coteaux.fr\/en\/consultation\/","name":"Veterinary consultation for your pets and exotic pets in Pau and Juran\u00e7on","isPartOf":{"@id":"https:\/\/veterinaire-des-coteaux.fr\/en\/#website"},"datePublished":"2022-03-08T09:42:20+00:00","dateModified":"2026-01-08T09:28:53+00:00","description":"Veterinary consultation for your pets and exotic pets. A team of veterinarians in Juran\u00e7on near Pau with free parking.","breadcrumb":{"@id":"https:\/\/veterinaire-des-coteaux.fr\/en\/consultation\/#breadcrumb"},"inLanguage":"en-US","potentialAction":[{"@type":"ReadAction","target":["https:\/\/veterinaire-des-coteaux.fr\/en\/consultation\/"]}]},{"@type":"BreadcrumbList","@id":"https:\/\/veterinaire-des-coteaux.fr\/en\/consultation\/#breadcrumb","itemListElement":[{"@type":"ListItem","position":1,"name":"Accueil","item":"https:\/\/veterinaire-des-coteaux.fr\/en\/veterinaires-des-coteaux-jurancon-pau\/"},{"@type":"ListItem","position":2,"name":"Consultation"}]},{"@type":"WebSite","@id":"https:\/\/veterinaire-des-coteaux.fr\/en\/#website","url":"https:\/\/veterinaire-des-coteaux.fr\/en\/","name":"V\u00e9t\u00e9rinaire des coteaux","description":"Cabinet v\u00e9t\u00e9rinaire Juran\u00e7on - Pau","publisher":{"@id":"https:\/\/veterinaire-des-coteaux.fr\/en\/#organization"},"potentialAction":[{"@type":"SearchAction","target":{"@type":"EntryPoint","urlTemplate":"https:\/\/veterinaire-des-coteaux.fr\/en\/?s={search_term_string}"},"query-input":{"@type":"PropertyValueSpecification","valueRequired":true,"valueName":"search_term_string"}}],"inLanguage":"en-US"},{"@type":"Organization","@id":"https:\/\/veterinaire-des-coteaux.fr\/en\/#organization","name":"V\u00e9t\u00e9rinaire des coteaux - Juran\u00e7on - Pau","url":"https:\/\/veterinaire-des-coteaux.fr\/en\/","logo":{"@type":"ImageObject","inLanguage":"en-US","@id":"https:\/\/veterinaire-des-coteaux.fr\/en\/#\/schema\/logo\/image\/","url":"https:\/\/veterinaire-des-coteaux.fr\/wp-content\/uploads\/2022\/02\/Logo-V_04-4_Q.png","contentUrl":"https:\/\/veterinaire-des-coteaux.fr\/wp-content\/uploads\/2022\/02\/Logo-V_04-4_Q.png","width":595,"height":522,"caption":"V\u00e9t\u00e9rinaire des coteaux - Juran\u00e7on - Pau"},"image":{"@id":"https:\/\/veterinaire-des-coteaux.fr\/en\/#\/schema\/logo\/image\/"},"sameAs":["https:\/\/www.facebook.com\/cabinetveterinairedescoteaux\/"]}]}},"_links":{"self":[{"href":"https:\/\/veterinaire-des-coteaux.fr\/en\/wp-json\/wp\/v2\/pages\/3035","targetHints":{"allow":["GET"]}}],"collection":[{"href":"https:\/\/veterinaire-des-coteaux.fr\/en\/wp-json\/wp\/v2\/pages"}],"about":[{"href":"https:\/\/veterinaire-des-coteaux.fr\/en\/wp-json\/wp\/v2\/types\/page"}],"author":[{"embeddable":true,"href":"https:\/\/veterinaire-des-coteaux.fr\/en\/wp-json\/wp\/v2\/users\/1"}],"replies":[{"embeddable":true,"href":"https:\/\/veterinaire-des-coteaux.fr\/en\/wp-json\/wp\/v2\/comments?post=3035"}],"version-history":[{"count":0,"href":"https:\/\/veterinaire-des-coteaux.fr\/en\/wp-json\/wp\/v2\/pages\/3035\/revisions"}],"wp:attachment":[{"href":"https:\/\/veterinaire-des-coteaux.fr\/en\/wp-json\/wp\/v2\/media?parent=3035"}],"curies":[{"name":"wp","href":"https:\/\/api.w.org\/{rel}","templated":true}]}}