{"id":3033,"date":"2022-03-01T15:23:59","date_gmt":"2022-03-01T14:23:59","guid":{"rendered":"https:\/\/veterinaire-des-coteaux.fr\/legal-notice\/"},"modified":"2026-01-08T10:28:53","modified_gmt":"2026-01-08T09:28:53","slug":"legal-notice","status":"publish","type":"page","link":"https:\/\/veterinaire-des-coteaux.fr\/en\/legal-notice\/","title":{"rendered":"Legal Notice"},"content":{"rendered":"\t\t<div data-elementor-type=\"wp-page\" data-elementor-id=\"3033\" class=\"elementor elementor-3033 elementor-87\" data-elementor-post-type=\"page\">\n\t\t\t\t\t\t<section class=\"elementor-section elementor-top-section elementor-element elementor-element-ea1d34d elementor-section-boxed elementor-section-height-default elementor-section-height-default\" data-id=\"ea1d34d\" data-element_type=\"section\">\n\t\t\t\t\t\t<div class=\"elementor-container elementor-column-gap-default\">\n\t\t\t\t\t<div class=\"elementor-column elementor-col-100 elementor-top-column elementor-element elementor-element-28d1b58\" data-id=\"28d1b58\" data-element_type=\"column\">\n\t\t\t<div class=\"elementor-widget-wrap elementor-element-populated\">\n\t\t\t\t\t\t<div class=\"elementor-element elementor-element-196f885 elementor-widget elementor-widget-heading\" data-id=\"196f885\" data-element_type=\"widget\" data-widget_type=\"heading.default\">\n\t\t\t\t<div class=\"elementor-widget-container\">\n\t\t\t\t\t<h2 class=\"elementor-heading-title elementor-size-default\">Legal Notice<\/h2>\t\t\t\t<\/div>\n\t\t\t\t<\/div>\n\t\t\t\t<div data-dce-text-color=\"#000000\" class=\"elementor-element elementor-element-17e23e1 elementor-widget elementor-widget-text-editor\" data-id=\"17e23e1\" data-element_type=\"widget\" data-widget_type=\"text-editor.default\">\n\t\t\t\t<div class=\"elementor-widget-container\">\n\t\t\t\t\t\t\t\t\t<p>The website https:\/\/www.veterinaire-des-coteaux.fr is published by<\/p><p>HAPPINESS<br>Company Legal Information: SELARL<br>Address: V\u00e9t\u00e9rinaire des coteaux, 1 rue Louis Daran \u2013 64110 JURAN\u00c7ON<br>VAT: FR22834441016<br>Siret: 83444101600013<br>CNIL No.:  <\/p><p>PUBLICATION MANAGER<\/p><p>Emmanuel Guignard<br>V\u00e9t\u00e9rinaire des coteaux, 1 rue Louis Daran, 64110 JURAN\u00c7ON.<\/p><p>HOSTING<br>OVH SAS with a capital of \u20ac10,000,000 RCS Roubaix \u2013 Tourcoing 424 761 419 00045 VAT No.: FR 22 424 761 419 Registered office: 2 rue Kellermann \u2013 59100 Roubaix \u2013 France.<\/p><p>This site respects copyright law. All rights of the authors of protected works reproduced and communicated on this site are reserved. Unless authorized, any use of the works other than individual and private reproduction and consultation is prohibited.  <\/p><p>PERSONAL DATA<br>1\/ NATURE OF PERSONAL DATA<br>The information collected is:<\/p><p>The voluntary registration of your email address, authorizing us to send you our newsletters and promotional offers.<br>Data from contact or quote request forms (name, first name, address, phone, email, company, etc.).<\/p><p><br>2\/ USE OF DATA<br>The information collected allows us to:<\/p><p>To send you our newsletters and promotional offers.<br>Under no circumstances is your personal data transmitted to a third party.<\/p><p>In accordance with the French Data Protection Act of January 6, 1978, as amended in 2004, you have the right to access and rectify information concerning you, which you can exercise by sending us an email via the contact form or by writing to V\u00e9t\u00e9rinaire des coteaux, 1 rue Louis Daran, 64110 JURAN\u00c7ON.<\/p><p>You may also, for legitimate reasons, object to the processing of your data.<\/p><p>Photo credits: Florian Bourret, Freepik, Unsplash<\/p>\t\t\t\t\t\t\t\t<\/div>\n\t\t\t\t<\/div>\n\t\t\t\t\t<\/div>\n\t\t<\/div>\n\t\t\t\t\t<\/div>\n\t\t<\/section>\n\t\t\t\t<\/div>\n\t\t","protected":false},"excerpt":{"rendered":"<p>Legal Notice The website https:\/\/www.veterinaire-des-coteaux.fr is published by HAPPINESSCompany Legal Information: SELARLAddress: V\u00e9t\u00e9rinaire des coteaux, 1 rue Louis Daran \u2013 64110 JURAN\u00c7ONVAT: FR22834441016Siret: 83444101600013CNIL No.: PUBLICATION MANAGER Emmanuel GuignardV\u00e9t\u00e9rinaire des coteaux, 1 rue Louis Daran, 64110 JURAN\u00c7ON. HOSTINGOVH SAS with a capital of \u20ac10,000,000 RCS Roubaix \u2013 Tourcoing 424 761 419 00045 VAT No.: FR [&hellip;]<\/p>\n","protected":false},"author":1,"featured_media":0,"parent":0,"menu_order":0,"comment_status":"closed","ping_status":"closed","template":"","meta":{"_acf_changed":false,"footnotes":""},"class_list":["post-3033","page","type-page","status-publish","hentry"],"acf":[],"yoast_head":"<!-- This site is optimized with the Yoast SEO plugin v27.5 - https:\/\/yoast.com\/product\/yoast-seo-wordpress\/ -->\n<title>Legal Notice - V\u00e9t\u00e9rinaire des coteaux<\/title>\n<meta name=\"description\" content=\"V\u00e9t\u00e9rinaire des coteaux Veterinary Clinic in Juran\u00e7on near Pau: consultations, imaging, nutrition, exotic pets, 24\/7 emergencies\" \/>\n<meta name=\"robots\" content=\"index, follow, max-snippet:-1, max-image-preview:large, max-video-preview:-1\" \/>\n<link rel=\"canonical\" href=\"https:\/\/veterinaire-des-coteaux.fr\/en\/legal-notice\/\" \/>\n<meta property=\"og:locale\" content=\"en_US\" \/>\n<meta property=\"og:type\" content=\"article\" \/>\n<meta property=\"og:title\" content=\"Legal Notice - V\u00e9t\u00e9rinaire des coteaux\" \/>\n<meta property=\"og:description\" content=\"V\u00e9t\u00e9rinaire des coteaux Veterinary Clinic in Juran\u00e7on near Pau: consultations, imaging, nutrition, exotic pets, 24\/7 emergencies\" \/>\n<meta property=\"og:url\" content=\"https:\/\/veterinaire-des-coteaux.fr\/en\/legal-notice\/\" \/>\n<meta property=\"og:site_name\" content=\"V\u00e9t\u00e9rinaire des coteaux\" \/>\n<meta property=\"article:publisher\" content=\"https:\/\/www.facebook.com\/cabinetveterinairedescoteaux\/\" \/>\n<meta property=\"article:modified_time\" content=\"2026-01-08T09:28:53+00:00\" \/>\n<meta property=\"og:image\" content=\"https:\/\/veterinaire-des-coteaux.fr\/wp-content\/uploads\/2022\/06\/dong-cheng-0yAGGlSg9Oc-unsplash-scaled.jpg\" \/>\n\t<meta property=\"og:image:width\" content=\"2048\" \/>\n\t<meta property=\"og:image:height\" content=\"1370\" \/>\n\t<meta property=\"og:image:type\" content=\"image\/jpeg\" \/>\n<meta name=\"twitter:card\" content=\"summary_large_image\" \/>\n<meta name=\"twitter:label1\" content=\"Est. reading time\" \/>\n\t<meta name=\"twitter:data1\" content=\"1 minute\" \/>\n<!-- \/ Yoast SEO plugin. -->","yoast_head_json":{"title":"Legal Notice - V\u00e9t\u00e9rinaire des coteaux","description":"V\u00e9t\u00e9rinaire des coteaux Veterinary Clinic in Juran\u00e7on near Pau: consultations, imaging, nutrition, exotic pets, 24\/7 emergencies","robots":{"index":"index","follow":"follow","max-snippet":"max-snippet:-1","max-image-preview":"max-image-preview:large","max-video-preview":"max-video-preview:-1"},"canonical":"https:\/\/veterinaire-des-coteaux.fr\/en\/legal-notice\/","og_locale":"en_US","og_type":"article","og_title":"Legal Notice - V\u00e9t\u00e9rinaire des coteaux","og_description":"V\u00e9t\u00e9rinaire des coteaux Veterinary Clinic in Juran\u00e7on near Pau: consultations, imaging, nutrition, exotic pets, 24\/7 emergencies","og_url":"https:\/\/veterinaire-des-coteaux.fr\/en\/legal-notice\/","og_site_name":"V\u00e9t\u00e9rinaire des coteaux","article_publisher":"https:\/\/www.facebook.com\/cabinetveterinairedescoteaux\/","article_modified_time":"2026-01-08T09:28:53+00:00","og_image":[{"width":2048,"height":1370,"url":"https:\/\/veterinaire-des-coteaux.fr\/wp-content\/uploads\/2022\/06\/dong-cheng-0yAGGlSg9Oc-unsplash-scaled.jpg","type":"image\/jpeg"}],"twitter_card":"summary_large_image","twitter_misc":{"Est. reading time":"1 minute"},"schema":{"@context":"https:\/\/schema.org","@graph":[{"@type":"WebPage","@id":"https:\/\/veterinaire-des-coteaux.fr\/en\/legal-notice\/","url":"https:\/\/veterinaire-des-coteaux.fr\/en\/legal-notice\/","name":"Legal Notice - V\u00e9t\u00e9rinaire des coteaux","isPartOf":{"@id":"https:\/\/veterinaire-des-coteaux.fr\/en\/#website"},"datePublished":"2022-03-01T14:23:59+00:00","dateModified":"2026-01-08T09:28:53+00:00","description":"V\u00e9t\u00e9rinaire des coteaux Veterinary Clinic in Juran\u00e7on near Pau: consultations, imaging, nutrition, exotic pets, 24\/7 emergencies","breadcrumb":{"@id":"https:\/\/veterinaire-des-coteaux.fr\/en\/legal-notice\/#breadcrumb"},"inLanguage":"en-US","potentialAction":[{"@type":"ReadAction","target":["https:\/\/veterinaire-des-coteaux.fr\/en\/legal-notice\/"]}]},{"@type":"BreadcrumbList","@id":"https:\/\/veterinaire-des-coteaux.fr\/en\/legal-notice\/#breadcrumb","itemListElement":[{"@type":"ListItem","position":1,"name":"Accueil","item":"https:\/\/veterinaire-des-coteaux.fr\/en\/veterinaires-des-coteaux-jurancon-pau\/"},{"@type":"ListItem","position":2,"name":"Legal Notice"}]},{"@type":"WebSite","@id":"https:\/\/veterinaire-des-coteaux.fr\/en\/#website","url":"https:\/\/veterinaire-des-coteaux.fr\/en\/","name":"V\u00e9t\u00e9rinaire des coteaux","description":"Cabinet v\u00e9t\u00e9rinaire Juran\u00e7on - Pau","publisher":{"@id":"https:\/\/veterinaire-des-coteaux.fr\/en\/#organization"},"potentialAction":[{"@type":"SearchAction","target":{"@type":"EntryPoint","urlTemplate":"https:\/\/veterinaire-des-coteaux.fr\/en\/?s={search_term_string}"},"query-input":{"@type":"PropertyValueSpecification","valueRequired":true,"valueName":"search_term_string"}}],"inLanguage":"en-US"},{"@type":"Organization","@id":"https:\/\/veterinaire-des-coteaux.fr\/en\/#organization","name":"V\u00e9t\u00e9rinaire des coteaux - Juran\u00e7on - Pau","url":"https:\/\/veterinaire-des-coteaux.fr\/en\/","logo":{"@type":"ImageObject","inLanguage":"en-US","@id":"https:\/\/veterinaire-des-coteaux.fr\/en\/#\/schema\/logo\/image\/","url":"https:\/\/veterinaire-des-coteaux.fr\/wp-content\/uploads\/2022\/02\/Logo-V_04-4_Q.png","contentUrl":"https:\/\/veterinaire-des-coteaux.fr\/wp-content\/uploads\/2022\/02\/Logo-V_04-4_Q.png","width":595,"height":522,"caption":"V\u00e9t\u00e9rinaire des coteaux - Juran\u00e7on - Pau"},"image":{"@id":"https:\/\/veterinaire-des-coteaux.fr\/en\/#\/schema\/logo\/image\/"},"sameAs":["https:\/\/www.facebook.com\/cabinetveterinairedescoteaux\/"]}]}},"_links":{"self":[{"href":"https:\/\/veterinaire-des-coteaux.fr\/en\/wp-json\/wp\/v2\/pages\/3033","targetHints":{"allow":["GET"]}}],"collection":[{"href":"https:\/\/veterinaire-des-coteaux.fr\/en\/wp-json\/wp\/v2\/pages"}],"about":[{"href":"https:\/\/veterinaire-des-coteaux.fr\/en\/wp-json\/wp\/v2\/types\/page"}],"author":[{"embeddable":true,"href":"https:\/\/veterinaire-des-coteaux.fr\/en\/wp-json\/wp\/v2\/users\/1"}],"replies":[{"embeddable":true,"href":"https:\/\/veterinaire-des-coteaux.fr\/en\/wp-json\/wp\/v2\/comments?post=3033"}],"version-history":[{"count":0,"href":"https:\/\/veterinaire-des-coteaux.fr\/en\/wp-json\/wp\/v2\/pages\/3033\/revisions"}],"wp:attachment":[{"href":"https:\/\/veterinaire-des-coteaux.fr\/en\/wp-json\/wp\/v2\/media?parent=3033"}],"curies":[{"name":"wp","href":"https:\/\/api.w.org\/{rel}","templated":true}]}}