{"id":3031,"date":"2022-05-12T11:56:34","date_gmt":"2022-05-12T09:56:34","guid":{"rendered":"https:\/\/veterinaire-des-coteaux.fr\/hospitalization\/"},"modified":"2026-01-08T10:28:38","modified_gmt":"2026-01-08T09:28:38","slug":"hospitalization","status":"publish","type":"page","link":"https:\/\/veterinaire-des-coteaux.fr\/en\/hospitalization\/","title":{"rendered":"Hospitalization"},"content":{"rendered":"\t\t<div data-elementor-type=\"wp-page\" data-elementor-id=\"3031\" class=\"elementor elementor-3031 elementor-1031\" data-elementor-post-type=\"page\">\n\t\t\t\t\t\t<section data-dce-background-color=\"#F2FCFE\" data-dce-background-image-url=\"https:\/\/veterinaire-des-coteaux.fr\/wp-content\/uploads\/2022\/06\/IMG_6262-scaled.jpg\" class=\"elementor-section elementor-top-section elementor-element elementor-element-92a14a9 elementor-section-full_width elementor-section-height-min-height elementor-section-content-middle elementor-section-height-default elementor-section-items-middle\" data-id=\"92a14a9\" data-element_type=\"section\" data-settings=\"{&quot;background_background&quot;:&quot;classic&quot;}\">\n\t\t\t\t\t\t<div class=\"elementor-container elementor-column-gap-no\">\n\t\t\t\t\t<div class=\"elementor-column elementor-col-100 elementor-top-column elementor-element elementor-element-6c82da6\" data-id=\"6c82da6\" data-element_type=\"column\">\n\t\t\t<div class=\"elementor-widget-wrap\">\n\t\t\t\t\t\t\t<\/div>\n\t\t<\/div>\n\t\t\t\t\t<\/div>\n\t\t<\/section>\n\t\t\t\t<section data-dce-background-color=\"#FFFFFF\" class=\"elementor-section elementor-top-section elementor-element elementor-element-7e61bb7e elementor-section-content-middle elementor-reverse-tablet elementor-reverse-mobile elementor-section-boxed elementor-section-height-default elementor-section-height-default\" data-id=\"7e61bb7e\" data-element_type=\"section\" data-settings=\"{&quot;background_background&quot;:&quot;gradient&quot;}\">\n\t\t\t\t\t\t<div class=\"elementor-container elementor-column-gap-no\">\n\t\t\t\t\t<div class=\"elementor-column elementor-col-100 elementor-top-column elementor-element elementor-element-49ed237c\" data-id=\"49ed237c\" data-element_type=\"column\">\n\t\t\t<div class=\"elementor-widget-wrap elementor-element-populated\">\n\t\t\t\t\t\t<div data-dce-title-color=\"#FF8000\" class=\"elementor-element elementor-element-629ebe69 animated-slow elementor-invisible elementor-widget elementor-widget-heading\" data-id=\"629ebe69\" data-element_type=\"widget\" data-settings=\"{&quot;_animation&quot;:&quot;fadeIn&quot;}\" data-widget_type=\"heading.default\">\n\t\t\t\t<div class=\"elementor-widget-container\">\n\t\t\t\t\t<h1 class=\"elementor-heading-title elementor-size-default\">Your Pet's Hospitalization<\/h1>\t\t\t\t<\/div>\n\t\t\t\t<\/div>\n\t\t\t\t<div class=\"elementor-element elementor-element-c43746e elementor-invisible elementor-widget elementor-widget-text-editor\" data-id=\"c43746e\" data-element_type=\"widget\" data-settings=\"{&quot;_animation&quot;:&quot;fadeIn&quot;,&quot;_animation_delay&quot;:200}\" data-widget_type=\"text-editor.default\">\n\t\t\t\t<div class=\"elementor-widget-container\">\n\t\t\t\t\t\t\t\t\t<p>It sometimes happens that we need to keep your companion hospitalized to provide the necessary care, whether for surgery or an illness.<\/p><p>Our clinic is equipped to accommodate your animals in the best possible conditions. We have separate kennels adapted to their size, providing the necessary comfort for each species.<\/p><p>We also have a separate hospitalization room for contagious animals.<\/p><p>Our clinic is equipped with infusion equipment, infusion pumps to ensure a constant and adapted flow for each patient, an oxygen concentrator, hot water bottles, and heated mats, etc.<\/p><p>During their stay at our facility, we ensure that your companions feel at home and receive the best possible care.<\/p><p>If the hospitalization period exceeds one day, one of our veterinarians will call you daily to provide updates on your pet, its health status, and inform you about any further examinations or treatments required.<\/p>\t\t\t\t\t\t\t\t<\/div>\n\t\t\t\t<\/div>\n\t\t\t\t\t<\/div>\n\t\t<\/div>\n\t\t\t\t\t<\/div>\n\t\t<\/section>\n\t\t\t\t<section class=\"elementor-section elementor-top-section elementor-element elementor-element-118e8be7 elementor-section-content-top elementor-section-boxed elementor-section-height-default elementor-section-height-default\" data-id=\"118e8be7\" data-element_type=\"section\">\n\t\t\t\t\t\t<div class=\"elementor-container elementor-column-gap-no\">\n\t\t\t\t\t<div class=\"elementor-column elementor-col-100 elementor-top-column elementor-element elementor-element-4bb02adf\" data-id=\"4bb02adf\" data-element_type=\"column\">\n\t\t\t<div class=\"elementor-widget-wrap elementor-element-populated\">\n\t\t\t\t\t\t<div class=\"elementor-element elementor-element-8f34b4b elementor-widget elementor-widget-gallery\" data-id=\"8f34b4b\" data-element_type=\"widget\" data-settings=\"{&quot;columns&quot;:3,&quot;columns_tablet&quot;:3,&quot;lazyload&quot;:&quot;yes&quot;,&quot;gallery_layout&quot;:&quot;grid&quot;,&quot;columns_mobile&quot;:1,&quot;gap&quot;:{&quot;unit&quot;:&quot;px&quot;,&quot;size&quot;:10,&quot;sizes&quot;:[]},&quot;gap_widescreen&quot;:{&quot;unit&quot;:&quot;px&quot;,&quot;size&quot;:&quot;&quot;,&quot;sizes&quot;:[]},&quot;gap_laptop&quot;:{&quot;unit&quot;:&quot;px&quot;,&quot;size&quot;:10,&quot;sizes&quot;:[]},&quot;gap_tablet&quot;:{&quot;unit&quot;:&quot;px&quot;,&quot;size&quot;:10,&quot;sizes&quot;:[]},&quot;gap_mobile&quot;:{&quot;unit&quot;:&quot;px&quot;,&quot;size&quot;:10,&quot;sizes&quot;:[]},&quot;link_to&quot;:&quot;file&quot;,&quot;aspect_ratio&quot;:&quot;3:2&quot;,&quot;overlay_background&quot;:&quot;yes&quot;,&quot;content_hover_animation&quot;:&quot;fade-in&quot;}\" data-widget_type=\"gallery.default\">\n\t\t\t\t<div class=\"elementor-widget-container\">\n\t\t\t\t\t\t\t<div class=\"elementor-gallery__container\">\n\t\t\t\t\t\t\t<a class=\"e-gallery-item elementor-gallery-item elementor-animated-content\" href=\"https:\/\/veterinaire-des-coteaux.fr\/wp-content\/uploads\/2022\/06\/IMG_6241-scaled.jpg\" data-elementor-open-lightbox=\"yes\" data-elementor-lightbox-slideshow=\"8f34b4b\" data-elementor-lightbox-title=\"IMG_6241\" data-e-action-hash=\"#elementor-action%3Aaction%3Dlightbox%26settings%3DeyJpZCI6Mjk0MSwidXJsIjoiaHR0cHM6XC9cL3ZldGVyaW5haXJlLWRlcy1jb3RlYXV4LmZyXC93cC1jb250ZW50XC91cGxvYWRzXC8yMDIyXC8wNlwvSU1HXzYyNDEtc2NhbGVkLmpwZyIsInNsaWRlc2hvdyI6IjhmMzRiNGIifQ%3D%3D\">\n\t\t\t\t\t<div class=\"e-gallery-image elementor-gallery-item__image\" data-thumbnail=\"https:\/\/veterinaire-des-coteaux.fr\/wp-content\/uploads\/2022\/06\/IMG_6241-1024x681.jpg\" data-width=\"800\" data-height=\"532\" aria-label=\"\" role=\"img\" ><\/div>\n\t\t\t\t\t\t\t\t\t\t\t<div class=\"elementor-gallery-item__overlay\"><\/div>\n\t\t\t\t\t\t\t\t\t\t\t\t\t\t<\/a>\n\t\t\t\t\t\t\t<a class=\"e-gallery-item elementor-gallery-item elementor-animated-content\" href=\"https:\/\/veterinaire-des-coteaux.fr\/wp-content\/uploads\/2025\/01\/Veterinaire-Pau-15-scaled.jpg\" data-elementor-open-lightbox=\"yes\" data-elementor-lightbox-slideshow=\"8f34b4b\" data-elementor-lightbox-title=\"V\u00e9t\u00e9rinaire-Pau (15)\" data-e-action-hash=\"#elementor-action%3Aaction%3Dlightbox%26settings%3DeyJpZCI6Mjk5NCwidXJsIjoiaHR0cHM6XC9cL3ZldGVyaW5haXJlLWRlcy1jb3RlYXV4LmZyXC93cC1jb250ZW50XC91cGxvYWRzXC8yMDI1XC8wMVwvVmV0ZXJpbmFpcmUtUGF1LTE1LXNjYWxlZC5qcGciLCJzbGlkZXNob3ciOiI4ZjM0YjRiIn0%3D\">\n\t\t\t\t\t<div class=\"e-gallery-image elementor-gallery-item__image\" data-thumbnail=\"https:\/\/veterinaire-des-coteaux.fr\/wp-content\/uploads\/2025\/01\/Veterinaire-Pau-15-683x1024.jpg\" data-width=\"683\" data-height=\"1024\" aria-label=\"\" role=\"img\" ><\/div>\n\t\t\t\t\t\t\t\t\t\t\t<div class=\"elementor-gallery-item__overlay\"><\/div>\n\t\t\t\t\t\t\t\t\t\t\t\t\t\t<\/a>\n\t\t\t\t\t\t\t<a class=\"e-gallery-item elementor-gallery-item elementor-animated-content\" href=\"https:\/\/veterinaire-des-coteaux.fr\/wp-content\/uploads\/2022\/06\/IMG_6256-scaled.jpg\" data-elementor-open-lightbox=\"yes\" data-elementor-lightbox-slideshow=\"8f34b4b\" data-elementor-lightbox-title=\"IMG_6256\" data-e-action-hash=\"#elementor-action%3Aaction%3Dlightbox%26settings%3DeyJpZCI6Mjk0OCwidXJsIjoiaHR0cHM6XC9cL3ZldGVyaW5haXJlLWRlcy1jb3RlYXV4LmZyXC93cC1jb250ZW50XC91cGxvYWRzXC8yMDIyXC8wNlwvSU1HXzYyNTYtc2NhbGVkLmpwZyIsInNsaWRlc2hvdyI6IjhmMzRiNGIifQ%3D%3D\">\n\t\t\t\t\t<div class=\"e-gallery-image elementor-gallery-item__image\" data-thumbnail=\"https:\/\/veterinaire-des-coteaux.fr\/wp-content\/uploads\/2022\/06\/IMG_6256-1024x681.jpg\" data-width=\"800\" data-height=\"532\" aria-label=\"\" role=\"img\" ><\/div>\n\t\t\t\t\t\t\t\t\t\t\t<div class=\"elementor-gallery-item__overlay\"><\/div>\n\t\t\t\t\t\t\t\t\t\t\t\t\t\t<\/a>\n\t\t\t\t\t\t\t<a class=\"e-gallery-item elementor-gallery-item elementor-animated-content\" href=\"https:\/\/veterinaire-des-coteaux.fr\/wp-content\/uploads\/2025\/01\/Veterinaire-Pau-17-scaled.jpg\" data-elementor-open-lightbox=\"yes\" data-elementor-lightbox-slideshow=\"8f34b4b\" data-elementor-lightbox-title=\"V\u00e9t\u00e9rinaire-Pau (17)\" data-e-action-hash=\"#elementor-action%3Aaction%3Dlightbox%26settings%3DeyJpZCI6Mjk5NiwidXJsIjoiaHR0cHM6XC9cL3ZldGVyaW5haXJlLWRlcy1jb3RlYXV4LmZyXC93cC1jb250ZW50XC91cGxvYWRzXC8yMDI1XC8wMVwvVmV0ZXJpbmFpcmUtUGF1LTE3LXNjYWxlZC5qcGciLCJzbGlkZXNob3ciOiI4ZjM0YjRiIn0%3D\">\n\t\t\t\t\t<div class=\"e-gallery-image elementor-gallery-item__image\" data-thumbnail=\"https:\/\/veterinaire-des-coteaux.fr\/wp-content\/uploads\/2025\/01\/Veterinaire-Pau-17-683x1024.jpg\" data-width=\"683\" data-height=\"1024\" aria-label=\"\" role=\"img\" ><\/div>\n\t\t\t\t\t\t\t\t\t\t\t<div class=\"elementor-gallery-item__overlay\"><\/div>\n\t\t\t\t\t\t\t\t\t\t\t\t\t\t<\/a>\n\t\t\t\t\t\t\t<a class=\"e-gallery-item elementor-gallery-item elementor-animated-content\" href=\"https:\/\/veterinaire-des-coteaux.fr\/wp-content\/uploads\/2022\/06\/IMG_6244-scaled.jpg\" data-elementor-open-lightbox=\"yes\" data-elementor-lightbox-slideshow=\"8f34b4b\" data-elementor-lightbox-title=\"IMG_6244\" data-e-action-hash=\"#elementor-action%3Aaction%3Dlightbox%26settings%3DeyJpZCI6Mjk0MiwidXJsIjoiaHR0cHM6XC9cL3ZldGVyaW5haXJlLWRlcy1jb3RlYXV4LmZyXC93cC1jb250ZW50XC91cGxvYWRzXC8yMDIyXC8wNlwvSU1HXzYyNDQtc2NhbGVkLmpwZyIsInNsaWRlc2hvdyI6IjhmMzRiNGIifQ%3D%3D\">\n\t\t\t\t\t<div class=\"e-gallery-image elementor-gallery-item__image\" data-thumbnail=\"https:\/\/veterinaire-des-coteaux.fr\/wp-content\/uploads\/2022\/06\/IMG_6244-1024x681.jpg\" data-width=\"800\" data-height=\"532\" aria-label=\"\" role=\"img\" ><\/div>\n\t\t\t\t\t\t\t\t\t\t\t<div class=\"elementor-gallery-item__overlay\"><\/div>\n\t\t\t\t\t\t\t\t\t\t\t\t\t\t<\/a>\n\t\t\t\t\t<\/div>\n\t\t\t\t\t<\/div>\n\t\t\t\t<\/div>\n\t\t\t\t<div data-dce-title-color=\"#FF8000\" class=\"elementor-element elementor-element-74f0e2d0 animated-slow elementor-invisible elementor-widget elementor-widget-heading\" data-id=\"74f0e2d0\" data-element_type=\"widget\" data-settings=\"{&quot;_animation&quot;:&quot;fadeIn&quot;}\" data-widget_type=\"heading.default\">\n\t\t\t\t<div class=\"elementor-widget-container\">\n\t\t\t\t\t<h2 class=\"elementor-heading-title elementor-size-default\">Answers to Your Questions!<\/h2>\t\t\t\t<\/div>\n\t\t\t\t<\/div>\n\t\t\t\t<div class=\"elementor-element elementor-element-6b18a1be elementor-widget elementor-widget-toggle\" data-id=\"6b18a1be\" data-element_type=\"widget\" data-widget_type=\"toggle.default\">\n\t\t\t\t<div class=\"elementor-widget-container\">\n\t\t\t\t\t\t\t<div class=\"elementor-toggle\">\n\t\t\t\t\t\t\t<div class=\"elementor-toggle-item\">\n\t\t\t\t\t<div id=\"elementor-tab-title-1791\" class=\"elementor-tab-title\" data-tab=\"1\" role=\"button\" aria-controls=\"elementor-tab-content-1791\" aria-expanded=\"false\">\n\t\t\t\t\t\t\t\t\t\t\t\t<span class=\"elementor-toggle-icon elementor-toggle-icon-right\" aria-hidden=\"true\">\n\t\t\t\t\t\t\t\t\t\t\t\t\t\t\t<span class=\"elementor-toggle-icon-closed\"><\/span>\n\t\t\t\t\t\t\t\t<span class=\"elementor-toggle-icon-opened\"><\/span>\n\t\t\t\t\t\t\t\t\t\t\t\t\t<\/span>\n\t\t\t\t\t\t\t\t\t\t\t\t<a class=\"elementor-toggle-title\" tabindex=\"0\">When does my pet need to be hospitalized? <\/a>\n\t\t\t\t\t<\/div>\n\n\t\t\t\t\t<div id=\"elementor-tab-content-1791\" class=\"elementor-tab-content elementor-clearfix\" data-tab=\"1\" role=\"region\" aria-labelledby=\"elementor-tab-title-1791\"><p>Your pet&#8217;s hospitalization may be decided during a consultation to perform necessary diagnostic examinations, or following a clinical examination if its health condition requires it. It can also be scheduled for a surgical procedure requiring increased monitoring in the initial hours. In the event of an accident, your animal may be kept under observation depending on its condition, allowing us to intervene quickly in case of an urgent deterioration of its health.  <\/p>\n<\/div>\n\t\t\t\t<\/div>\n\t\t\t\t\t\t\t<div class=\"elementor-toggle-item\">\n\t\t\t\t\t<div id=\"elementor-tab-title-1792\" class=\"elementor-tab-title\" data-tab=\"2\" role=\"button\" aria-controls=\"elementor-tab-content-1792\" aria-expanded=\"false\">\n\t\t\t\t\t\t\t\t\t\t\t\t<span class=\"elementor-toggle-icon elementor-toggle-icon-right\" aria-hidden=\"true\">\n\t\t\t\t\t\t\t\t\t\t\t\t\t\t\t<span class=\"elementor-toggle-icon-closed\"><\/span>\n\t\t\t\t\t\t\t\t<span class=\"elementor-toggle-icon-opened\"><\/span>\n\t\t\t\t\t\t\t\t\t\t\t\t\t<\/span>\n\t\t\t\t\t\t\t\t\t\t\t\t<a class=\"elementor-toggle-title\" tabindex=\"0\">How long will my pet be hospitalized?<\/a>\n\t\t\t\t\t<\/div>\n\n\t\t\t\t\t<div id=\"elementor-tab-content-1792\" class=\"elementor-tab-content elementor-clearfix\" data-tab=\"2\" role=\"region\" aria-labelledby=\"elementor-tab-title-1792\"><p>This depends on the reason for its hospitalization. <\/p>\n<p>Generally, for a scheduled and minimally invasive surgery, hospitalization lasts for the day of the procedure.<\/p>\n<p>For other surgeries, it largely depends on the type of procedure and post-operative recovery.<\/p>\n<p>When your pet is hospitalized for an illness, the duration of its stay depends on the type of illness and the care it receives. In some specific cases, we offer outpatient care, meaning your pet spends the day hospitalized at the clinic and returns home in the evening, potentially over several days.  <\/p>\n<p>In all cases, hospitalization is always kept as short as possible, but your pet&#8217;s condition guides us.<\/p>\n<p>We always strive to ensure that this stage, which can be stressful for both you and your pet, proceeds under the best possible conditions for everyone, respecting both your pet&#8217;s well-being and your own.<\/p>\n<\/div>\n\t\t\t\t<\/div>\n\t\t\t\t\t\t\t<div class=\"elementor-toggle-item\">\n\t\t\t\t\t<div id=\"elementor-tab-title-1793\" class=\"elementor-tab-title\" data-tab=\"3\" role=\"button\" aria-controls=\"elementor-tab-content-1793\" aria-expanded=\"false\">\n\t\t\t\t\t\t\t\t\t\t\t\t<span class=\"elementor-toggle-icon elementor-toggle-icon-right\" aria-hidden=\"true\">\n\t\t\t\t\t\t\t\t\t\t\t\t\t\t\t<span class=\"elementor-toggle-icon-closed\"><\/span>\n\t\t\t\t\t\t\t\t<span class=\"elementor-toggle-icon-opened\"><\/span>\n\t\t\t\t\t\t\t\t\t\t\t\t\t<\/span>\n\t\t\t\t\t\t\t\t\t\t\t\t<a class=\"elementor-toggle-title\" tabindex=\"0\">Is there someone to monitor it at night?<\/a>\n\t\t\t\t\t<\/div>\n\n\t\t\t\t\t<div id=\"elementor-tab-content-1793\" class=\"elementor-tab-content elementor-clearfix\" data-tab=\"3\" role=\"region\" aria-labelledby=\"elementor-tab-title-1793\"><p>Our facility is equipped with surveillance cameras, allowing us to maintain constant monitoring of your hospitalized animals.<\/p>\n<\/div>\n\t\t\t\t<\/div>\n\t\t\t\t\t\t\t<div class=\"elementor-toggle-item\">\n\t\t\t\t\t<div id=\"elementor-tab-title-1794\" class=\"elementor-tab-title\" data-tab=\"4\" role=\"button\" aria-controls=\"elementor-tab-content-1794\" aria-expanded=\"false\">\n\t\t\t\t\t\t\t\t\t\t\t\t<span class=\"elementor-toggle-icon elementor-toggle-icon-right\" aria-hidden=\"true\">\n\t\t\t\t\t\t\t\t\t\t\t\t\t\t\t<span class=\"elementor-toggle-icon-closed\"><\/span>\n\t\t\t\t\t\t\t\t<span class=\"elementor-toggle-icon-opened\"><\/span>\n\t\t\t\t\t\t\t\t\t\t\t\t\t<\/span>\n\t\t\t\t\t\t\t\t\t\t\t\t<a class=\"elementor-toggle-title\" tabindex=\"0\">When and how to plan for its discharge from hospitalization?<\/a>\n\t\t\t\t\t<\/div>\n\n\t\t\t\t\t<div id=\"elementor-tab-content-1794\" class=\"elementor-tab-content elementor-clearfix\" data-tab=\"4\" role=\"region\" aria-labelledby=\"elementor-tab-title-1794\"><p>This is difficult to predict for both you and us. Indeed, it depends on your pet and how quickly it recovers from its illness or procedure. In all cases, a discharge appointment will be scheduled with one of our veterinarians or assistants to explain the ongoing care required upon its return home. <\/p>\n<\/div>\n\t\t\t\t<\/div>\n\t\t\t\t\t\t\t\t\t\t<script type=\"application\/ld+json\">{\"@context\":\"https:\\\/\\\/schema.org\",\"@type\":\"FAQPage\",\"mainEntity\":[{\"@type\":\"Question\",\"name\":\"When does my pet need to be hospitalized?\",\"acceptedAnswer\":{\"@type\":\"Answer\",\"text\":\"<p>Your pet&#8217;s hospitalization may be decided during a consultation to perform necessary diagnostic examinations, or following a clinical examination if its health condition requires it. It can also be scheduled for a surgical procedure requiring increased monitoring in the initial hours. In the event of an accident, your animal may be kept under observation depending on its condition, allowing us to intervene quickly in case of an urgent deterioration of its health.  <\\\/p>\\n\"}},{\"@type\":\"Question\",\"name\":\"How long will my pet be hospitalized?\",\"acceptedAnswer\":{\"@type\":\"Answer\",\"text\":\"<p>This depends on the reason for its hospitalization. <\\\/p>\\n<p>Generally, for a scheduled and minimally invasive surgery, hospitalization lasts for the day of the procedure.<\\\/p>\\n<p>For other surgeries, it largely depends on the type of procedure and post-operative recovery.<\\\/p>\\n<p>When your pet is hospitalized for an illness, the duration of its stay depends on the type of illness and the care it receives. In some specific cases, we offer outpatient care, meaning your pet spends the day hospitalized at the clinic and returns home in the evening, potentially over several days.  <\\\/p>\\n<p>In all cases, hospitalization is always kept as short as possible, but your pet&#8217;s condition guides us.<\\\/p>\\n<p>We always strive to ensure that this stage, which can be stressful for both you and your pet, proceeds under the best possible conditions for everyone, respecting both your pet&#8217;s well-being and your own.<\\\/p>\\n\"}},{\"@type\":\"Question\",\"name\":\"Is there someone to monitor it at night?\",\"acceptedAnswer\":{\"@type\":\"Answer\",\"text\":\"<p>Our facility is equipped with surveillance cameras, allowing us to maintain constant monitoring of your hospitalized animals.<\\\/p>\\n\"}},{\"@type\":\"Question\",\"name\":\"When and how to plan for its discharge from hospitalization?\",\"acceptedAnswer\":{\"@type\":\"Answer\",\"text\":\"<p>This is difficult to predict for both you and us. Indeed, it depends on your pet and how quickly it recovers from its illness or procedure. In all cases, a discharge appointment will be scheduled with one of our veterinarians or assistants to explain the ongoing care required upon its return home. <\\\/p>\\n\"}}]}<\/script>\n\t\t\t\t\t<\/div>\n\t\t\t\t\t\t<\/div>\n\t\t\t\t<\/div>\n\t\t\t\t\t<\/div>\n\t\t<\/div>\n\t\t\t\t\t<\/div>\n\t\t<\/section>\n\t\t\t\t<\/div>\n\t\t","protected":false},"excerpt":{"rendered":"<p>Your Pet&#8217;s Hospitalization It sometimes happens that we need to keep your companion hospitalized to provide the necessary care, whether for surgery or an illness. Our clinic is equipped to accommodate your animals in the best possible conditions. We have separate kennels adapted to their size, providing the necessary comfort for each species. We also [&hellip;]<\/p>\n","protected":false},"author":1,"featured_media":0,"parent":0,"menu_order":0,"comment_status":"closed","ping_status":"closed","template":"","meta":{"_acf_changed":false,"footnotes":""},"class_list":["post-3031","page","type-page","status-publish","hentry"],"acf":[],"yoast_head":"<!-- This site is optimized with the Yoast SEO plugin v27.5 - https:\/\/yoast.com\/product\/yoast-seo-wordpress\/ -->\n<title>Veterinary Hospitalization Service in Pau and Juran\u00e7on<\/title>\n<meta name=\"description\" content=\"Veterinary hospitalization service in Pau and Juran\u00e7on at our clinic. Care for your pets. 24\/7 Emergencies\" \/>\n<meta name=\"robots\" content=\"index, follow, max-snippet:-1, max-image-preview:large, max-video-preview:-1\" \/>\n<link rel=\"canonical\" href=\"https:\/\/veterinaire-des-coteaux.fr\/en\/hospitalization\/\" \/>\n<meta property=\"og:locale\" content=\"en_US\" \/>\n<meta property=\"og:type\" content=\"article\" \/>\n<meta property=\"og:title\" content=\"Veterinary Hospitalization Service in Pau and Juran\u00e7on\" \/>\n<meta property=\"og:description\" content=\"Veterinary hospitalization service in Pau and Juran\u00e7on at our clinic. Care for your pets. 24\/7 Emergencies\" \/>\n<meta property=\"og:url\" content=\"https:\/\/veterinaire-des-coteaux.fr\/en\/hospitalization\/\" \/>\n<meta property=\"og:site_name\" content=\"V\u00e9t\u00e9rinaire des coteaux\" \/>\n<meta property=\"article:publisher\" content=\"https:\/\/www.facebook.com\/cabinetveterinairedescoteaux\/\" \/>\n<meta property=\"article:modified_time\" content=\"2026-01-08T09:28:38+00:00\" \/>\n<meta property=\"og:image\" content=\"https:\/\/veterinaire-des-coteaux.fr\/wp-content\/uploads\/2022\/06\/dong-cheng-0yAGGlSg9Oc-unsplash-scaled.jpg\" \/>\n\t<meta property=\"og:image:width\" content=\"2048\" \/>\n\t<meta property=\"og:image:height\" content=\"1370\" \/>\n\t<meta property=\"og:image:type\" content=\"image\/jpeg\" \/>\n<meta name=\"twitter:card\" content=\"summary_large_image\" \/>\n<meta name=\"twitter:label1\" content=\"Est. reading time\" \/>\n\t<meta name=\"twitter:data1\" content=\"2 minutes\" \/>\n<!-- \/ Yoast SEO plugin. -->","yoast_head_json":{"title":"Veterinary Hospitalization Service in Pau and Juran\u00e7on","description":"Veterinary hospitalization service in Pau and Juran\u00e7on at our clinic. Care for your pets. 24\/7 Emergencies","robots":{"index":"index","follow":"follow","max-snippet":"max-snippet:-1","max-image-preview":"max-image-preview:large","max-video-preview":"max-video-preview:-1"},"canonical":"https:\/\/veterinaire-des-coteaux.fr\/en\/hospitalization\/","og_locale":"en_US","og_type":"article","og_title":"Veterinary Hospitalization Service in Pau and Juran\u00e7on","og_description":"Veterinary hospitalization service in Pau and Juran\u00e7on at our clinic. Care for your pets. 24\/7 Emergencies","og_url":"https:\/\/veterinaire-des-coteaux.fr\/en\/hospitalization\/","og_site_name":"V\u00e9t\u00e9rinaire des coteaux","article_publisher":"https:\/\/www.facebook.com\/cabinetveterinairedescoteaux\/","article_modified_time":"2026-01-08T09:28:38+00:00","og_image":[{"width":2048,"height":1370,"url":"https:\/\/veterinaire-des-coteaux.fr\/wp-content\/uploads\/2022\/06\/dong-cheng-0yAGGlSg9Oc-unsplash-scaled.jpg","type":"image\/jpeg"}],"twitter_card":"summary_large_image","twitter_misc":{"Est. reading time":"2 minutes"},"schema":{"@context":"https:\/\/schema.org","@graph":[{"@type":"WebPage","@id":"https:\/\/veterinaire-des-coteaux.fr\/en\/hospitalization\/","url":"https:\/\/veterinaire-des-coteaux.fr\/en\/hospitalization\/","name":"Veterinary Hospitalization Service in Pau and Juran\u00e7on","isPartOf":{"@id":"https:\/\/veterinaire-des-coteaux.fr\/en\/#website"},"datePublished":"2022-05-12T09:56:34+00:00","dateModified":"2026-01-08T09:28:38+00:00","description":"Veterinary hospitalization service in Pau and Juran\u00e7on at our clinic. Care for your pets. 24\/7 Emergencies","breadcrumb":{"@id":"https:\/\/veterinaire-des-coteaux.fr\/en\/hospitalization\/#breadcrumb"},"inLanguage":"en-US","potentialAction":[{"@type":"ReadAction","target":["https:\/\/veterinaire-des-coteaux.fr\/en\/hospitalization\/"]}]},{"@type":"BreadcrumbList","@id":"https:\/\/veterinaire-des-coteaux.fr\/en\/hospitalization\/#breadcrumb","itemListElement":[{"@type":"ListItem","position":1,"name":"Accueil","item":"https:\/\/veterinaire-des-coteaux.fr\/en\/veterinaires-des-coteaux-jurancon-pau\/"},{"@type":"ListItem","position":2,"name":"Hospitalization"}]},{"@type":"WebSite","@id":"https:\/\/veterinaire-des-coteaux.fr\/en\/#website","url":"https:\/\/veterinaire-des-coteaux.fr\/en\/","name":"V\u00e9t\u00e9rinaire des coteaux","description":"Cabinet v\u00e9t\u00e9rinaire Juran\u00e7on - Pau","publisher":{"@id":"https:\/\/veterinaire-des-coteaux.fr\/en\/#organization"},"potentialAction":[{"@type":"SearchAction","target":{"@type":"EntryPoint","urlTemplate":"https:\/\/veterinaire-des-coteaux.fr\/en\/?s={search_term_string}"},"query-input":{"@type":"PropertyValueSpecification","valueRequired":true,"valueName":"search_term_string"}}],"inLanguage":"en-US"},{"@type":"Organization","@id":"https:\/\/veterinaire-des-coteaux.fr\/en\/#organization","name":"V\u00e9t\u00e9rinaire des coteaux - Juran\u00e7on - Pau","url":"https:\/\/veterinaire-des-coteaux.fr\/en\/","logo":{"@type":"ImageObject","inLanguage":"en-US","@id":"https:\/\/veterinaire-des-coteaux.fr\/en\/#\/schema\/logo\/image\/","url":"https:\/\/veterinaire-des-coteaux.fr\/wp-content\/uploads\/2022\/02\/Logo-V_04-4_Q.png","contentUrl":"https:\/\/veterinaire-des-coteaux.fr\/wp-content\/uploads\/2022\/02\/Logo-V_04-4_Q.png","width":595,"height":522,"caption":"V\u00e9t\u00e9rinaire des coteaux - Juran\u00e7on - Pau"},"image":{"@id":"https:\/\/veterinaire-des-coteaux.fr\/en\/#\/schema\/logo\/image\/"},"sameAs":["https:\/\/www.facebook.com\/cabinetveterinairedescoteaux\/"]}]}},"_links":{"self":[{"href":"https:\/\/veterinaire-des-coteaux.fr\/en\/wp-json\/wp\/v2\/pages\/3031","targetHints":{"allow":["GET"]}}],"collection":[{"href":"https:\/\/veterinaire-des-coteaux.fr\/en\/wp-json\/wp\/v2\/pages"}],"about":[{"href":"https:\/\/veterinaire-des-coteaux.fr\/en\/wp-json\/wp\/v2\/types\/page"}],"author":[{"embeddable":true,"href":"https:\/\/veterinaire-des-coteaux.fr\/en\/wp-json\/wp\/v2\/users\/1"}],"replies":[{"embeddable":true,"href":"https:\/\/veterinaire-des-coteaux.fr\/en\/wp-json\/wp\/v2\/comments?post=3031"}],"version-history":[{"count":0,"href":"https:\/\/veterinaire-des-coteaux.fr\/en\/wp-json\/wp\/v2\/pages\/3031\/revisions"}],"wp:attachment":[{"href":"https:\/\/veterinaire-des-coteaux.fr\/en\/wp-json\/wp\/v2\/media?parent=3031"}],"curies":[{"name":"wp","href":"https:\/\/api.w.org\/{rel}","templated":true}]}}