{"id":3027,"date":"2022-04-22T15:52:07","date_gmt":"2022-04-22T13:52:07","guid":{"rendered":"https:\/\/veterinaire-des-coteaux.fr\/diagnostic-laboratory\/"},"modified":"2026-01-08T10:28:38","modified_gmt":"2026-01-08T09:28:38","slug":"diagnostic-laboratory","status":"publish","type":"page","link":"https:\/\/veterinaire-des-coteaux.fr\/en\/diagnostic-laboratory\/","title":{"rendered":"Diagnostic Laboratory"},"content":{"rendered":"\t\t<div data-elementor-type=\"wp-page\" data-elementor-id=\"3027\" class=\"elementor elementor-3027 elementor-817\" data-elementor-post-type=\"page\">\n\t\t\t\t\t\t<section data-dce-background-color=\"#F2FCFE\" data-dce-background-image-url=\"https:\/\/veterinaire-des-coteaux.fr\/wp-content\/uploads\/2022\/06\/IMG_6174.jpg\" class=\"elementor-section elementor-top-section elementor-element elementor-element-3a883e06 elementor-section-full_width elementor-section-height-min-height elementor-section-content-middle elementor-section-height-default elementor-section-items-middle\" data-id=\"3a883e06\" data-element_type=\"section\" data-settings=\"{&quot;background_background&quot;:&quot;classic&quot;}\">\n\t\t\t\t\t\t<div class=\"elementor-container elementor-column-gap-no\">\n\t\t\t\t\t<div class=\"elementor-column elementor-col-100 elementor-top-column elementor-element elementor-element-7cf3162e\" data-id=\"7cf3162e\" data-element_type=\"column\">\n\t\t\t<div class=\"elementor-widget-wrap\">\n\t\t\t\t\t\t\t<\/div>\n\t\t<\/div>\n\t\t\t\t\t<\/div>\n\t\t<\/section>\n\t\t\t\t<section data-dce-background-color=\"#FFFFFF\" class=\"elementor-section elementor-top-section elementor-element elementor-element-482579ca elementor-section-content-middle elementor-reverse-tablet elementor-reverse-mobile elementor-section-boxed elementor-section-height-default elementor-section-height-default\" data-id=\"482579ca\" data-element_type=\"section\" data-settings=\"{&quot;background_background&quot;:&quot;gradient&quot;}\">\n\t\t\t\t\t\t<div class=\"elementor-container elementor-column-gap-no\">\n\t\t\t\t\t<div class=\"elementor-column elementor-col-100 elementor-top-column elementor-element elementor-element-286af521\" data-id=\"286af521\" data-element_type=\"column\">\n\t\t\t<div class=\"elementor-widget-wrap elementor-element-populated\">\n\t\t\t\t\t\t<div data-dce-title-color=\"#FF8000\" class=\"elementor-element elementor-element-2693f16d animated-slow elementor-invisible elementor-widget elementor-widget-heading\" data-id=\"2693f16d\" data-element_type=\"widget\" data-settings=\"{&quot;_animation&quot;:&quot;fadeIn&quot;}\" data-widget_type=\"heading.default\">\n\t\t\t\t<div class=\"elementor-widget-container\">\n\t\t\t\t\t<h1 class=\"elementor-heading-title elementor-size-default\">Veterinary Diagnostic Laboratory\n<\/h1>\t\t\t\t<\/div>\n\t\t\t\t<\/div>\n\t\t\t\t<div class=\"elementor-element elementor-element-22c56bf7 elementor-invisible elementor-widget elementor-widget-text-editor\" data-id=\"22c56bf7\" data-element_type=\"widget\" data-settings=\"{&quot;_animation&quot;:&quot;fadeIn&quot;,&quot;_animation_delay&quot;:200}\" data-widget_type=\"text-editor.default\">\n\t\t\t\t<div class=\"elementor-widget-container\">\n\t\t\t\t\t\t\t\t\t<p>Our clinic is equipped with a comprehensive veterinary diagnostic laboratory, offering hematology, biochemistry, hormonal assays, urinalysis, and microscopy.<\/p><p>These daily analyses allow us, when necessary, to establish an accurate diagnosis or to monitor your pet&#8217;s overall health.<\/p><p>For reproductive monitoring, these analyses also enable us to determine the exact timing for mating and\/or insemination.<\/p><p>Our laboratory is located within our veterinary clinic, which allows for rapid results and better care for your companion.<\/p>\t\t\t\t\t\t\t\t<\/div>\n\t\t\t\t<\/div>\n\t\t\t\t\t<\/div>\n\t\t<\/div>\n\t\t\t\t\t<\/div>\n\t\t<\/section>\n\t\t\t\t<section class=\"elementor-section elementor-top-section elementor-element elementor-element-6b9efc2 elementor-section-content-top elementor-section-boxed elementor-section-height-default elementor-section-height-default\" data-id=\"6b9efc2\" data-element_type=\"section\">\n\t\t\t\t\t\t<div class=\"elementor-container elementor-column-gap-no\">\n\t\t\t\t\t<div class=\"elementor-column elementor-col-100 elementor-top-column elementor-element elementor-element-a2b74f4\" data-id=\"a2b74f4\" data-element_type=\"column\">\n\t\t\t<div class=\"elementor-widget-wrap elementor-element-populated\">\n\t\t\t\t\t\t<div class=\"elementor-element elementor-element-c09c76d elementor-widget elementor-widget-gallery\" data-id=\"c09c76d\" data-element_type=\"widget\" data-settings=\"{&quot;columns&quot;:3,&quot;columns_tablet&quot;:3,&quot;lazyload&quot;:&quot;yes&quot;,&quot;gallery_layout&quot;:&quot;grid&quot;,&quot;columns_mobile&quot;:1,&quot;gap&quot;:{&quot;unit&quot;:&quot;px&quot;,&quot;size&quot;:10,&quot;sizes&quot;:[]},&quot;gap_widescreen&quot;:{&quot;unit&quot;:&quot;px&quot;,&quot;size&quot;:&quot;&quot;,&quot;sizes&quot;:[]},&quot;gap_laptop&quot;:{&quot;unit&quot;:&quot;px&quot;,&quot;size&quot;:10,&quot;sizes&quot;:[]},&quot;gap_tablet&quot;:{&quot;unit&quot;:&quot;px&quot;,&quot;size&quot;:10,&quot;sizes&quot;:[]},&quot;gap_mobile&quot;:{&quot;unit&quot;:&quot;px&quot;,&quot;size&quot;:10,&quot;sizes&quot;:[]},&quot;link_to&quot;:&quot;file&quot;,&quot;aspect_ratio&quot;:&quot;3:2&quot;,&quot;overlay_background&quot;:&quot;yes&quot;,&quot;content_hover_animation&quot;:&quot;fade-in&quot;}\" data-widget_type=\"gallery.default\">\n\t\t\t\t<div class=\"elementor-widget-container\">\n\t\t\t\t\t\t\t<div class=\"elementor-gallery__container\">\n\t\t\t\t\t\t\t<a class=\"e-gallery-item elementor-gallery-item elementor-animated-content\" href=\"https:\/\/veterinaire-des-coteaux.fr\/wp-content\/uploads\/2022\/06\/IMG_6175.jpg\" data-elementor-open-lightbox=\"yes\" data-elementor-lightbox-slideshow=\"c09c76d\" data-elementor-lightbox-title=\"IMG_6175\" data-e-action-hash=\"#elementor-action%3Aaction%3Dlightbox%26settings%3DeyJpZCI6MjkxNywidXJsIjoiaHR0cHM6XC9cL3ZldGVyaW5haXJlLWRlcy1jb3RlYXV4LmZyXC93cC1jb250ZW50XC91cGxvYWRzXC8yMDIyXC8wNlwvSU1HXzYxNzUuanBnIiwic2xpZGVzaG93IjoiYzA5Yzc2ZCJ9\">\n\t\t\t\t\t<div class=\"e-gallery-image elementor-gallery-item__image\" data-thumbnail=\"https:\/\/veterinaire-des-coteaux.fr\/wp-content\/uploads\/2022\/06\/IMG_6175-768x512.jpg\" data-width=\"768\" data-height=\"512\" aria-label=\"\" role=\"img\" ><\/div>\n\t\t\t\t\t\t\t\t\t\t\t<div class=\"elementor-gallery-item__overlay\"><\/div>\n\t\t\t\t\t\t\t\t\t\t\t\t\t\t<\/a>\n\t\t\t\t\t\t\t<a class=\"e-gallery-item elementor-gallery-item elementor-animated-content\" href=\"https:\/\/veterinaire-des-coteaux.fr\/wp-content\/uploads\/2022\/06\/IMG_6170.jpg\" data-elementor-open-lightbox=\"yes\" data-elementor-lightbox-slideshow=\"c09c76d\" data-elementor-lightbox-title=\"IMG_6170\" data-e-action-hash=\"#elementor-action%3Aaction%3Dlightbox%26settings%3DeyJpZCI6MjkxNSwidXJsIjoiaHR0cHM6XC9cL3ZldGVyaW5haXJlLWRlcy1jb3RlYXV4LmZyXC93cC1jb250ZW50XC91cGxvYWRzXC8yMDIyXC8wNlwvSU1HXzYxNzAuanBnIiwic2xpZGVzaG93IjoiYzA5Yzc2ZCJ9\">\n\t\t\t\t\t<div class=\"e-gallery-image elementor-gallery-item__image\" data-thumbnail=\"https:\/\/veterinaire-des-coteaux.fr\/wp-content\/uploads\/2022\/06\/IMG_6170-768x512.jpg\" data-width=\"768\" data-height=\"512\" aria-label=\"\" role=\"img\" ><\/div>\n\t\t\t\t\t\t\t\t\t\t\t<div class=\"elementor-gallery-item__overlay\"><\/div>\n\t\t\t\t\t\t\t\t\t\t\t\t\t\t<\/a>\n\t\t\t\t\t\t\t<a class=\"e-gallery-item elementor-gallery-item elementor-animated-content\" href=\"https:\/\/veterinaire-des-coteaux.fr\/wp-content\/uploads\/2022\/06\/IMG_6181.jpg\" data-elementor-open-lightbox=\"yes\" data-elementor-lightbox-slideshow=\"c09c76d\" data-elementor-lightbox-title=\"IMG_6181\" data-e-action-hash=\"#elementor-action%3Aaction%3Dlightbox%26settings%3DeyJpZCI6MjkxNCwidXJsIjoiaHR0cHM6XC9cL3ZldGVyaW5haXJlLWRlcy1jb3RlYXV4LmZyXC93cC1jb250ZW50XC91cGxvYWRzXC8yMDIyXC8wNlwvSU1HXzYxODEuanBnIiwic2xpZGVzaG93IjoiYzA5Yzc2ZCJ9\">\n\t\t\t\t\t<div class=\"e-gallery-image elementor-gallery-item__image\" data-thumbnail=\"https:\/\/veterinaire-des-coteaux.fr\/wp-content\/uploads\/2022\/06\/IMG_6181-768x512.jpg\" data-width=\"768\" data-height=\"512\" aria-label=\"\" role=\"img\" ><\/div>\n\t\t\t\t\t\t\t\t\t\t\t<div class=\"elementor-gallery-item__overlay\"><\/div>\n\t\t\t\t\t\t\t\t\t\t\t\t\t\t<\/a>\n\t\t\t\t\t<\/div>\n\t\t\t\t\t<\/div>\n\t\t\t\t<\/div>\n\t\t\t\t<div data-dce-title-color=\"#FF8000\" class=\"elementor-element elementor-element-5299756e animated-slow elementor-invisible elementor-widget elementor-widget-heading\" data-id=\"5299756e\" data-element_type=\"widget\" data-settings=\"{&quot;_animation&quot;:&quot;fadeIn&quot;}\" data-widget_type=\"heading.default\">\n\t\t\t\t<div class=\"elementor-widget-container\">\n\t\t\t\t\t<h2 class=\"elementor-heading-title elementor-size-default\">Answers to Your Questions!<\/h2>\t\t\t\t<\/div>\n\t\t\t\t<\/div>\n\t\t\t\t<div class=\"elementor-element elementor-element-101d834e elementor-widget elementor-widget-toggle\" data-id=\"101d834e\" data-element_type=\"widget\" data-widget_type=\"toggle.default\">\n\t\t\t\t<div class=\"elementor-widget-container\">\n\t\t\t\t\t\t\t<div class=\"elementor-toggle\">\n\t\t\t\t\t\t\t<div class=\"elementor-toggle-item\">\n\t\t\t\t\t<div id=\"elementor-tab-title-2701\" class=\"elementor-tab-title\" data-tab=\"1\" role=\"button\" aria-controls=\"elementor-tab-content-2701\" aria-expanded=\"false\">\n\t\t\t\t\t\t\t\t\t\t\t\t<span class=\"elementor-toggle-icon elementor-toggle-icon-right\" aria-hidden=\"true\">\n\t\t\t\t\t\t\t\t\t\t\t\t\t\t\t<span class=\"elementor-toggle-icon-closed\"><\/span>\n\t\t\t\t\t\t\t\t<span class=\"elementor-toggle-icon-opened\"><\/span>\n\t\t\t\t\t\t\t\t\t\t\t\t\t<\/span>\n\t\t\t\t\t\t\t\t\t\t\t\t<a class=\"elementor-toggle-title\" tabindex=\"0\">Why perform a blood test on my cat or dog?<\/a>\n\t\t\t\t\t<\/div>\n\n\t\t\t\t\t<div id=\"elementor-tab-content-2701\" class=\"elementor-tab-content elementor-clearfix\" data-tab=\"1\" role=\"region\" aria-labelledby=\"elementor-tab-title-2701\"><p>Depending on symptoms observed during consultation, such as dehydration, polyuria\/polydipsia, or significant weight loss, a blood test may be necessary to determine the underlying cause.<\/p>\n<\/div>\n\t\t\t\t<\/div>\n\t\t\t\t\t\t\t<div class=\"elementor-toggle-item\">\n\t\t\t\t\t<div id=\"elementor-tab-title-2702\" class=\"elementor-tab-title\" data-tab=\"2\" role=\"button\" aria-controls=\"elementor-tab-content-2702\" aria-expanded=\"false\">\n\t\t\t\t\t\t\t\t\t\t\t\t<span class=\"elementor-toggle-icon elementor-toggle-icon-right\" aria-hidden=\"true\">\n\t\t\t\t\t\t\t\t\t\t\t\t\t\t\t<span class=\"elementor-toggle-icon-closed\"><\/span>\n\t\t\t\t\t\t\t\t<span class=\"elementor-toggle-icon-opened\"><\/span>\n\t\t\t\t\t\t\t\t\t\t\t\t\t<\/span>\n\t\t\t\t\t\t\t\t\t\t\t\t<a class=\"elementor-toggle-title\" tabindex=\"0\">How is a blood test performed on an animal?<\/a>\n\t\t\t\t\t<\/div>\n\n\t\t\t\t\t<div id=\"elementor-tab-content-2702\" class=\"elementor-tab-content elementor-clearfix\" data-tab=\"2\" role=\"region\" aria-labelledby=\"elementor-tab-title-2702\"><p>Blood collection is typically performed during a consultation, with the assistance of one of our veterinary nurses. Blood sampling is painless and can be performed from various sites. (front or hind leg, neck). It may occasionally be necessary for your pet to fast for certain tests; please do not hesitate to contact us for any information.<\/p>\n<\/div>\n\t\t\t\t<\/div>\n\t\t\t\t\t\t\t<div class=\"elementor-toggle-item\">\n\t\t\t\t\t<div id=\"elementor-tab-title-2703\" class=\"elementor-tab-title\" data-tab=\"3\" role=\"button\" aria-controls=\"elementor-tab-content-2703\" aria-expanded=\"false\">\n\t\t\t\t\t\t\t\t\t\t\t\t<span class=\"elementor-toggle-icon elementor-toggle-icon-right\" aria-hidden=\"true\">\n\t\t\t\t\t\t\t\t\t\t\t\t\t\t\t<span class=\"elementor-toggle-icon-closed\"><\/span>\n\t\t\t\t\t\t\t\t<span class=\"elementor-toggle-icon-opened\"><\/span>\n\t\t\t\t\t\t\t\t\t\t\t\t\t<\/span>\n\t\t\t\t\t\t\t\t\t\t\t\t<a class=\"elementor-toggle-title\" tabindex=\"0\">How is a urine sample collected?<\/a>\n\t\t\t\t\t<\/div>\n\n\t\t\t\t\t<div id=\"elementor-tab-content-2703\" class=\"elementor-tab-content elementor-clearfix\" data-tab=\"3\" role=\"region\" aria-labelledby=\"elementor-tab-title-2703\"><p>Urine can be collected in various ways depending on the requirements: simply by free catch, via a urinary catheter, or by cystocentesis with the aid of an ultrasound scanner.<\/p>\n<\/div>\n\t\t\t\t<\/div>\n\t\t\t\t\t\t\t<div class=\"elementor-toggle-item\">\n\t\t\t\t\t<div id=\"elementor-tab-title-2704\" class=\"elementor-tab-title\" data-tab=\"4\" role=\"button\" aria-controls=\"elementor-tab-content-2704\" aria-expanded=\"false\">\n\t\t\t\t\t\t\t\t\t\t\t\t<span class=\"elementor-toggle-icon elementor-toggle-icon-right\" aria-hidden=\"true\">\n\t\t\t\t\t\t\t\t\t\t\t\t\t\t\t<span class=\"elementor-toggle-icon-closed\"><\/span>\n\t\t\t\t\t\t\t\t<span class=\"elementor-toggle-icon-opened\"><\/span>\n\t\t\t\t\t\t\t\t\t\t\t\t\t<\/span>\n\t\t\t\t\t\t\t\t\t\t\t\t<a class=\"elementor-toggle-title\" tabindex=\"0\">When are analyses performed?<\/a>\n\t\t\t\t\t<\/div>\n\n\t\t\t\t\t<div id=\"elementor-tab-content-2704\" class=\"elementor-tab-content elementor-clearfix\" data-tab=\"4\" role=\"region\" aria-labelledby=\"elementor-tab-title-2704\"><p>During a consultation or a scheduled check-up, the veterinarian may need to perform a blood or urine analysis to refine a diagnosis or assess your pet&#8217;s health status. For monitoring certain conditions such as diabetes, epilepsy, or renal insufficiency, regular check-ups are essential.<\/p>\n<\/div>\n\t\t\t\t<\/div>\n\t\t\t\t\t\t\t<div class=\"elementor-toggle-item\">\n\t\t\t\t\t<div id=\"elementor-tab-title-2705\" class=\"elementor-tab-title\" data-tab=\"5\" role=\"button\" aria-controls=\"elementor-tab-content-2705\" aria-expanded=\"false\">\n\t\t\t\t\t\t\t\t\t\t\t\t<span class=\"elementor-toggle-icon elementor-toggle-icon-right\" aria-hidden=\"true\">\n\t\t\t\t\t\t\t\t\t\t\t\t\t\t\t<span class=\"elementor-toggle-icon-closed\"><\/span>\n\t\t\t\t\t\t\t\t<span class=\"elementor-toggle-icon-opened\"><\/span>\n\t\t\t\t\t\t\t\t\t\t\t\t\t<\/span>\n\t\t\t\t\t\t\t\t\t\t\t\t<a class=\"elementor-toggle-title\" tabindex=\"0\">Where are my pet's analyses performed?<\/a>\n\t\t\t\t\t<\/div>\n\n\t\t\t\t\t<div id=\"elementor-tab-content-2705\" class=\"elementor-tab-content elementor-clearfix\" data-tab=\"5\" role=\"region\" aria-labelledby=\"elementor-tab-title-2705\"><p>In the vast majority of cases, the collected blood or urine sample will subsequently be analyzed in our clinic, allowing us to obtain rapid results. It may occasionally happen that certain specific analyses are sent to more specialized laboratories.<\/p>\n<\/div>\n\t\t\t\t<\/div>\n\t\t\t\t\t\t\t\t\t\t<script type=\"application\/ld+json\">{\"@context\":\"https:\\\/\\\/schema.org\",\"@type\":\"FAQPage\",\"mainEntity\":[{\"@type\":\"Question\",\"name\":\"Why perform a blood test on my cat or dog?\",\"acceptedAnswer\":{\"@type\":\"Answer\",\"text\":\"<p>Depending on symptoms observed during consultation, such as dehydration, polyuria\\\/polydipsia, or significant weight loss, a blood test may be necessary to determine the underlying cause.<\\\/p>\\n\"}},{\"@type\":\"Question\",\"name\":\"How is a blood test performed on an animal?\",\"acceptedAnswer\":{\"@type\":\"Answer\",\"text\":\"<p>Blood collection is typically performed during a consultation, with the assistance of one of our veterinary nurses. Blood sampling is painless and can be performed from various sites. (front or hind leg, neck). It may occasionally be necessary for your pet to fast for certain tests; please do not hesitate to contact us for any information.<\\\/p>\\n\"}},{\"@type\":\"Question\",\"name\":\"How is a urine sample collected?\",\"acceptedAnswer\":{\"@type\":\"Answer\",\"text\":\"<p>Urine can be collected in various ways depending on the requirements: simply by free catch, via a urinary catheter, or by cystocentesis with the aid of an ultrasound scanner.<\\\/p>\\n\"}},{\"@type\":\"Question\",\"name\":\"When are analyses performed?\",\"acceptedAnswer\":{\"@type\":\"Answer\",\"text\":\"<p>During a consultation or a scheduled check-up, the veterinarian may need to perform a blood or urine analysis to refine a diagnosis or assess your pet&#8217;s health status. For monitoring certain conditions such as diabetes, epilepsy, or renal insufficiency, regular check-ups are essential.<\\\/p>\\n\"}},{\"@type\":\"Question\",\"name\":\"Where are my pet's analyses performed?\",\"acceptedAnswer\":{\"@type\":\"Answer\",\"text\":\"<p>In the vast majority of cases, the collected blood or urine sample will subsequently be analyzed in our clinic, allowing us to obtain rapid results. It may occasionally happen that certain specific analyses are sent to more specialized laboratories.<\\\/p>\\n\"}}]}<\/script>\n\t\t\t\t\t<\/div>\n\t\t\t\t\t\t<\/div>\n\t\t\t\t<\/div>\n\t\t\t\t\t<\/div>\n\t\t<\/div>\n\t\t\t\t\t<\/div>\n\t\t<\/section>\n\t\t\t\t<\/div>\n\t\t","protected":false},"excerpt":{"rendered":"<p>Veterinary Diagnostic Laboratory Our clinic is equipped with a comprehensive veterinary diagnostic laboratory, offering hematology, biochemistry, hormonal assays, urinalysis, and microscopy. These daily analyses allow us, when necessary, to establish an accurate diagnosis or to monitor your pet&#8217;s overall health. For reproductive monitoring, these analyses also enable us to determine the exact timing for mating [&hellip;]<\/p>\n","protected":false},"author":1,"featured_media":0,"parent":0,"menu_order":0,"comment_status":"closed","ping_status":"closed","template":"","meta":{"_acf_changed":false,"footnotes":""},"class_list":["post-3027","page","type-page","status-publish","hentry"],"acf":[],"yoast_head":"<!-- This site is optimized with the Yoast SEO plugin v27.5 - https:\/\/yoast.com\/product\/yoast-seo-wordpress\/ -->\n<title>Animal Diagnostic Laboratory - Veterinary Clinic in Pau - Juran\u00e7on<\/title>\n<meta name=\"description\" content=\"Our veterinary diagnostic laboratory at the Juran\u00e7on clinic, near Pau, is equipped with all the necessary facilities to perform on-site analyses for your pets.\" \/>\n<meta name=\"robots\" content=\"index, follow, max-snippet:-1, max-image-preview:large, max-video-preview:-1\" \/>\n<link rel=\"canonical\" href=\"https:\/\/veterinaire-des-coteaux.fr\/en\/diagnostic-laboratory\/\" \/>\n<meta property=\"og:locale\" content=\"en_US\" \/>\n<meta property=\"og:type\" content=\"article\" \/>\n<meta property=\"og:title\" content=\"Animal Diagnostic Laboratory - Veterinary Clinic in Pau - Juran\u00e7on\" \/>\n<meta property=\"og:description\" content=\"Our veterinary diagnostic laboratory at the Juran\u00e7on clinic, near Pau, is equipped with all the necessary facilities to perform on-site analyses for your pets.\" \/>\n<meta property=\"og:url\" content=\"https:\/\/veterinaire-des-coteaux.fr\/en\/diagnostic-laboratory\/\" \/>\n<meta property=\"og:site_name\" content=\"V\u00e9t\u00e9rinaire des coteaux\" \/>\n<meta property=\"article:publisher\" content=\"https:\/\/www.facebook.com\/cabinetveterinairedescoteaux\/\" \/>\n<meta property=\"article:modified_time\" content=\"2026-01-08T09:28:38+00:00\" \/>\n<meta property=\"og:image\" content=\"https:\/\/veterinaire-des-coteaux.fr\/wp-content\/uploads\/2022\/06\/dong-cheng-0yAGGlSg9Oc-unsplash-scaled.jpg\" \/>\n\t<meta property=\"og:image:width\" content=\"2048\" \/>\n\t<meta property=\"og:image:height\" content=\"1370\" \/>\n\t<meta property=\"og:image:type\" content=\"image\/jpeg\" \/>\n<meta name=\"twitter:card\" content=\"summary_large_image\" \/>\n<meta name=\"twitter:label1\" content=\"Est. reading time\" \/>\n\t<meta name=\"twitter:data1\" content=\"2 minutes\" \/>\n<!-- \/ Yoast SEO plugin. -->","yoast_head_json":{"title":"Animal Diagnostic Laboratory - Veterinary Clinic in Pau - Juran\u00e7on","description":"Our veterinary diagnostic laboratory at the Juran\u00e7on clinic, near Pau, is equipped with all the necessary facilities to perform on-site analyses for your pets.","robots":{"index":"index","follow":"follow","max-snippet":"max-snippet:-1","max-image-preview":"max-image-preview:large","max-video-preview":"max-video-preview:-1"},"canonical":"https:\/\/veterinaire-des-coteaux.fr\/en\/diagnostic-laboratory\/","og_locale":"en_US","og_type":"article","og_title":"Animal Diagnostic Laboratory - Veterinary Clinic in Pau - Juran\u00e7on","og_description":"Our veterinary diagnostic laboratory at the Juran\u00e7on clinic, near Pau, is equipped with all the necessary facilities to perform on-site analyses for your pets.","og_url":"https:\/\/veterinaire-des-coteaux.fr\/en\/diagnostic-laboratory\/","og_site_name":"V\u00e9t\u00e9rinaire des coteaux","article_publisher":"https:\/\/www.facebook.com\/cabinetveterinairedescoteaux\/","article_modified_time":"2026-01-08T09:28:38+00:00","og_image":[{"width":2048,"height":1370,"url":"https:\/\/veterinaire-des-coteaux.fr\/wp-content\/uploads\/2022\/06\/dong-cheng-0yAGGlSg9Oc-unsplash-scaled.jpg","type":"image\/jpeg"}],"twitter_card":"summary_large_image","twitter_misc":{"Est. reading time":"2 minutes"},"schema":{"@context":"https:\/\/schema.org","@graph":[{"@type":"WebPage","@id":"https:\/\/veterinaire-des-coteaux.fr\/en\/diagnostic-laboratory\/","url":"https:\/\/veterinaire-des-coteaux.fr\/en\/diagnostic-laboratory\/","name":"Animal Diagnostic Laboratory - Veterinary Clinic in Pau - Juran\u00e7on","isPartOf":{"@id":"https:\/\/veterinaire-des-coteaux.fr\/en\/#website"},"datePublished":"2022-04-22T13:52:07+00:00","dateModified":"2026-01-08T09:28:38+00:00","description":"Our veterinary diagnostic laboratory at the Juran\u00e7on clinic, near Pau, is equipped with all the necessary facilities to perform on-site analyses for your pets.","breadcrumb":{"@id":"https:\/\/veterinaire-des-coteaux.fr\/en\/diagnostic-laboratory\/#breadcrumb"},"inLanguage":"en-US","potentialAction":[{"@type":"ReadAction","target":["https:\/\/veterinaire-des-coteaux.fr\/en\/diagnostic-laboratory\/"]}]},{"@type":"BreadcrumbList","@id":"https:\/\/veterinaire-des-coteaux.fr\/en\/diagnostic-laboratory\/#breadcrumb","itemListElement":[{"@type":"ListItem","position":1,"name":"Accueil","item":"https:\/\/veterinaire-des-coteaux.fr\/en\/veterinaires-des-coteaux-jurancon-pau\/"},{"@type":"ListItem","position":2,"name":"Diagnostic Laboratory"}]},{"@type":"WebSite","@id":"https:\/\/veterinaire-des-coteaux.fr\/en\/#website","url":"https:\/\/veterinaire-des-coteaux.fr\/en\/","name":"V\u00e9t\u00e9rinaire des coteaux","description":"Cabinet v\u00e9t\u00e9rinaire Juran\u00e7on - Pau","publisher":{"@id":"https:\/\/veterinaire-des-coteaux.fr\/en\/#organization"},"potentialAction":[{"@type":"SearchAction","target":{"@type":"EntryPoint","urlTemplate":"https:\/\/veterinaire-des-coteaux.fr\/en\/?s={search_term_string}"},"query-input":{"@type":"PropertyValueSpecification","valueRequired":true,"valueName":"search_term_string"}}],"inLanguage":"en-US"},{"@type":"Organization","@id":"https:\/\/veterinaire-des-coteaux.fr\/en\/#organization","name":"V\u00e9t\u00e9rinaire des coteaux - Juran\u00e7on - Pau","url":"https:\/\/veterinaire-des-coteaux.fr\/en\/","logo":{"@type":"ImageObject","inLanguage":"en-US","@id":"https:\/\/veterinaire-des-coteaux.fr\/en\/#\/schema\/logo\/image\/","url":"https:\/\/veterinaire-des-coteaux.fr\/wp-content\/uploads\/2022\/02\/Logo-V_04-4_Q.png","contentUrl":"https:\/\/veterinaire-des-coteaux.fr\/wp-content\/uploads\/2022\/02\/Logo-V_04-4_Q.png","width":595,"height":522,"caption":"V\u00e9t\u00e9rinaire des coteaux - Juran\u00e7on - Pau"},"image":{"@id":"https:\/\/veterinaire-des-coteaux.fr\/en\/#\/schema\/logo\/image\/"},"sameAs":["https:\/\/www.facebook.com\/cabinetveterinairedescoteaux\/"]}]}},"_links":{"self":[{"href":"https:\/\/veterinaire-des-coteaux.fr\/en\/wp-json\/wp\/v2\/pages\/3027","targetHints":{"allow":["GET"]}}],"collection":[{"href":"https:\/\/veterinaire-des-coteaux.fr\/en\/wp-json\/wp\/v2\/pages"}],"about":[{"href":"https:\/\/veterinaire-des-coteaux.fr\/en\/wp-json\/wp\/v2\/types\/page"}],"author":[{"embeddable":true,"href":"https:\/\/veterinaire-des-coteaux.fr\/en\/wp-json\/wp\/v2\/users\/1"}],"replies":[{"embeddable":true,"href":"https:\/\/veterinaire-des-coteaux.fr\/en\/wp-json\/wp\/v2\/comments?post=3027"}],"version-history":[{"count":0,"href":"https:\/\/veterinaire-des-coteaux.fr\/en\/wp-json\/wp\/v2\/pages\/3027\/revisions"}],"wp:attachment":[{"href":"https:\/\/veterinaire-des-coteaux.fr\/en\/wp-json\/wp\/v2\/media?parent=3027"}],"curies":[{"name":"wp","href":"https:\/\/api.w.org\/{rel}","templated":true}]}}