{"id":3013,"date":"2022-02-18T18:05:12","date_gmt":"2022-02-18T17:05:12","guid":{"rendered":"https:\/\/veterinaire-des-coteaux.fr\/privacy-policy\/"},"modified":"2026-01-08T10:16:52","modified_gmt":"2026-01-08T09:16:52","slug":"privacy-policy","status":"publish","type":"page","link":"https:\/\/veterinaire-des-coteaux.fr\/en\/privacy-policy\/","title":{"rendered":"Privacy Policy"},"content":{"rendered":"\t\t<div data-elementor-type=\"wp-page\" data-elementor-id=\"3013\" class=\"elementor elementor-3013 elementor-3\" data-elementor-post-type=\"page\">\n\t\t\t\t\t\t<section class=\"elementor-section elementor-top-section elementor-element elementor-element-18a64141 elementor-section-boxed elementor-section-height-default elementor-section-height-default\" data-id=\"18a64141\" data-element_type=\"section\">\n\t\t\t\t\t\t<div class=\"elementor-container elementor-column-gap-default\">\n\t\t\t\t\t<div class=\"elementor-column elementor-col-100 elementor-top-column elementor-element elementor-element-49c2f3e8\" data-id=\"49c2f3e8\" data-element_type=\"column\">\n\t\t\t<div class=\"elementor-widget-wrap elementor-element-populated\">\n\t\t\t\t\t\t<div class=\"elementor-element elementor-element-b72269b elementor-widget elementor-widget-heading\" data-id=\"b72269b\" data-element_type=\"widget\" data-widget_type=\"heading.default\">\n\t\t\t\t<div class=\"elementor-widget-container\">\n\t\t\t\t\t<h2 class=\"elementor-heading-title elementor-size-default\">Privacy Policy<\/h2>\t\t\t\t<\/div>\n\t\t\t\t<\/div>\n\t\t\t\t<div class=\"elementor-element elementor-element-7e05eaf2 elementor-widget elementor-widget-text-editor\" data-id=\"7e05eaf2\" data-element_type=\"widget\" data-widget_type=\"text-editor.default\">\n\t\t\t\t<div class=\"elementor-widget-container\">\n\t\t\t\t\t\t\t\t\t\n<p>Ongoing<\/p>\n\t\t\t\t\t\t\t\t<\/div>\n\t\t\t\t<\/div>\n\t\t\t\t\t<\/div>\n\t\t<\/div>\n\t\t\t\t\t<\/div>\n\t\t<\/section>\n\t\t\t\t<\/div>\n\t\t","protected":false},"excerpt":{"rendered":"<p>Privacy Policy Ongoing<\/p>\n","protected":false},"author":1,"featured_media":0,"parent":0,"menu_order":0,"comment_status":"closed","ping_status":"open","template":"","meta":{"_acf_changed":false,"footnotes":""},"class_list":["post-3013","page","type-page","status-publish","hentry"],"acf":[],"yoast_head":"<!-- This site is optimized with the Yoast SEO plugin v27.5 - https:\/\/yoast.com\/product\/yoast-seo-wordpress\/ -->\n<title>V\u00e9t\u00e9rinaire des coteaux Juran\u00e7on<\/title>\n<meta name=\"description\" content=\"Hills Veterinary Clinic in Juran\u00e7on near Pau. Follow-up care, consultations, and 24\/7 emergency services. Free parking.\" \/>\n<meta name=\"robots\" content=\"index, follow, max-snippet:-1, max-image-preview:large, max-video-preview:-1\" \/>\n<link rel=\"canonical\" href=\"https:\/\/veterinaire-des-coteaux.fr\/en\/privacy-policy\/\" \/>\n<meta property=\"og:locale\" content=\"en_US\" \/>\n<meta property=\"og:type\" content=\"article\" \/>\n<meta property=\"og:title\" content=\"V\u00e9t\u00e9rinaire des coteaux Juran\u00e7on\" \/>\n<meta property=\"og:description\" content=\"Hills Veterinary Clinic in Juran\u00e7on near Pau. Follow-up care, consultations, and 24\/7 emergency services. Free parking.\" \/>\n<meta property=\"og:url\" content=\"https:\/\/veterinaire-des-coteaux.fr\/en\/privacy-policy\/\" \/>\n<meta property=\"og:site_name\" content=\"V\u00e9t\u00e9rinaire des coteaux\" \/>\n<meta property=\"article:publisher\" content=\"https:\/\/www.facebook.com\/cabinetveterinairedescoteaux\/\" \/>\n<meta property=\"article:modified_time\" content=\"2026-01-08T09:16:52+00:00\" \/>\n<meta property=\"og:image\" content=\"https:\/\/veterinaire-des-coteaux.fr\/wp-content\/uploads\/2022\/06\/dong-cheng-0yAGGlSg9Oc-unsplash-scaled.jpg\" \/>\n\t<meta property=\"og:image:width\" content=\"2048\" \/>\n\t<meta property=\"og:image:height\" content=\"1370\" \/>\n\t<meta property=\"og:image:type\" content=\"image\/jpeg\" \/>\n<meta name=\"twitter:card\" content=\"summary_large_image\" \/>\n<!-- \/ Yoast SEO plugin. -->","yoast_head_json":{"title":"V\u00e9t\u00e9rinaire des coteaux Juran\u00e7on","description":"Hills Veterinary Clinic in Juran\u00e7on near Pau. Follow-up care, consultations, and 24\/7 emergency services. Free parking.","robots":{"index":"index","follow":"follow","max-snippet":"max-snippet:-1","max-image-preview":"max-image-preview:large","max-video-preview":"max-video-preview:-1"},"canonical":"https:\/\/veterinaire-des-coteaux.fr\/en\/privacy-policy\/","og_locale":"en_US","og_type":"article","og_title":"V\u00e9t\u00e9rinaire des coteaux Juran\u00e7on","og_description":"Hills Veterinary Clinic in Juran\u00e7on near Pau. Follow-up care, consultations, and 24\/7 emergency services. Free parking.","og_url":"https:\/\/veterinaire-des-coteaux.fr\/en\/privacy-policy\/","og_site_name":"V\u00e9t\u00e9rinaire des coteaux","article_publisher":"https:\/\/www.facebook.com\/cabinetveterinairedescoteaux\/","article_modified_time":"2026-01-08T09:16:52+00:00","og_image":[{"width":2048,"height":1370,"url":"https:\/\/veterinaire-des-coteaux.fr\/wp-content\/uploads\/2022\/06\/dong-cheng-0yAGGlSg9Oc-unsplash-scaled.jpg","type":"image\/jpeg"}],"twitter_card":"summary_large_image","schema":{"@context":"https:\/\/schema.org","@graph":[{"@type":"WebPage","@id":"https:\/\/veterinaire-des-coteaux.fr\/en\/privacy-policy\/","url":"https:\/\/veterinaire-des-coteaux.fr\/en\/privacy-policy\/","name":"V\u00e9t\u00e9rinaire des coteaux Juran\u00e7on","isPartOf":{"@id":"https:\/\/veterinaire-des-coteaux.fr\/en\/#website"},"datePublished":"2022-02-18T17:05:12+00:00","dateModified":"2026-01-08T09:16:52+00:00","description":"Hills Veterinary Clinic in Juran\u00e7on near Pau. Follow-up care, consultations, and 24\/7 emergency services. Free parking.","breadcrumb":{"@id":"https:\/\/veterinaire-des-coteaux.fr\/en\/privacy-policy\/#breadcrumb"},"inLanguage":"en-US","potentialAction":[{"@type":"ReadAction","target":["https:\/\/veterinaire-des-coteaux.fr\/en\/privacy-policy\/"]}]},{"@type":"BreadcrumbList","@id":"https:\/\/veterinaire-des-coteaux.fr\/en\/privacy-policy\/#breadcrumb","itemListElement":[{"@type":"ListItem","position":1,"name":"Accueil","item":"https:\/\/veterinaire-des-coteaux.fr\/en\/veterinaires-des-coteaux-jurancon-pau\/"},{"@type":"ListItem","position":2,"name":"Privacy Policy"}]},{"@type":"WebSite","@id":"https:\/\/veterinaire-des-coteaux.fr\/en\/#website","url":"https:\/\/veterinaire-des-coteaux.fr\/en\/","name":"V\u00e9t\u00e9rinaire des coteaux","description":"Cabinet v\u00e9t\u00e9rinaire Juran\u00e7on - Pau","publisher":{"@id":"https:\/\/veterinaire-des-coteaux.fr\/en\/#organization"},"potentialAction":[{"@type":"SearchAction","target":{"@type":"EntryPoint","urlTemplate":"https:\/\/veterinaire-des-coteaux.fr\/en\/?s={search_term_string}"},"query-input":{"@type":"PropertyValueSpecification","valueRequired":true,"valueName":"search_term_string"}}],"inLanguage":"en-US"},{"@type":"Organization","@id":"https:\/\/veterinaire-des-coteaux.fr\/en\/#organization","name":"V\u00e9t\u00e9rinaire des coteaux - Juran\u00e7on - Pau","url":"https:\/\/veterinaire-des-coteaux.fr\/en\/","logo":{"@type":"ImageObject","inLanguage":"en-US","@id":"https:\/\/veterinaire-des-coteaux.fr\/en\/#\/schema\/logo\/image\/","url":"https:\/\/veterinaire-des-coteaux.fr\/wp-content\/uploads\/2022\/02\/Logo-V_04-4_Q.png","contentUrl":"https:\/\/veterinaire-des-coteaux.fr\/wp-content\/uploads\/2022\/02\/Logo-V_04-4_Q.png","width":595,"height":522,"caption":"V\u00e9t\u00e9rinaire des coteaux - Juran\u00e7on - Pau"},"image":{"@id":"https:\/\/veterinaire-des-coteaux.fr\/en\/#\/schema\/logo\/image\/"},"sameAs":["https:\/\/www.facebook.com\/cabinetveterinairedescoteaux\/"]}]}},"_links":{"self":[{"href":"https:\/\/veterinaire-des-coteaux.fr\/en\/wp-json\/wp\/v2\/pages\/3013","targetHints":{"allow":["GET"]}}],"collection":[{"href":"https:\/\/veterinaire-des-coteaux.fr\/en\/wp-json\/wp\/v2\/pages"}],"about":[{"href":"https:\/\/veterinaire-des-coteaux.fr\/en\/wp-json\/wp\/v2\/types\/page"}],"author":[{"embeddable":true,"href":"https:\/\/veterinaire-des-coteaux.fr\/en\/wp-json\/wp\/v2\/users\/1"}],"replies":[{"embeddable":true,"href":"https:\/\/veterinaire-des-coteaux.fr\/en\/wp-json\/wp\/v2\/comments?post=3013"}],"version-history":[{"count":0,"href":"https:\/\/veterinaire-des-coteaux.fr\/en\/wp-json\/wp\/v2\/pages\/3013\/revisions"}],"wp:attachment":[{"href":"https:\/\/veterinaire-des-coteaux.fr\/en\/wp-json\/wp\/v2\/media?parent=3013"}],"curies":[{"name":"wp","href":"https:\/\/api.w.org\/{rel}","templated":true}]}}