{"id":3005,"date":"2022-05-12T12:27:10","date_gmt":"2022-05-12T10:27:10","guid":{"rendered":"https:\/\/veterinaire-des-coteaux.fr\/the-charter\/"},"modified":"2026-01-08T10:16:44","modified_gmt":"2026-01-08T09:16:44","slug":"the-charter","status":"publish","type":"page","link":"https:\/\/veterinaire-des-coteaux.fr\/en\/the-charter\/","title":{"rendered":"The Charter"},"content":{"rendered":"\t\t<div data-elementor-type=\"wp-page\" data-elementor-id=\"3005\" class=\"elementor elementor-3005 elementor-1065\" data-elementor-post-type=\"page\">\n\t\t\t\t\t\t<section data-dce-background-color=\"#F2FCFE\" data-dce-background-image-url=\"https:\/\/veterinaire-des-coteaux.fr\/wp-content\/uploads\/2022\/03\/freestocks-0-HAIyTj7Xw-unsplash-scaled.jpg\" class=\"elementor-section elementor-top-section elementor-element elementor-element-6179c69 elementor-section-full_width elementor-section-height-min-height elementor-section-content-middle elementor-section-height-default elementor-section-items-middle\" data-id=\"6179c69\" data-element_type=\"section\" data-settings=\"{&quot;background_background&quot;:&quot;classic&quot;}\">\n\t\t\t\t\t\t<div class=\"elementor-container elementor-column-gap-no\">\n\t\t\t\t\t<div class=\"elementor-column elementor-col-100 elementor-top-column elementor-element elementor-element-6bd49e2c\" data-id=\"6bd49e2c\" data-element_type=\"column\">\n\t\t\t<div class=\"elementor-widget-wrap elementor-element-populated\">\n\t\t\t\t\t\t\t<\/div>\n\t\t<\/div>\n\t\t\t\t\t<\/div>\n\t\t<\/section>\n\t\t\t\t<section data-dce-background-color=\"#FFFFFF\" class=\"elementor-section elementor-top-section elementor-element elementor-element-164bc091 elementor-section-content-middle elementor-reverse-tablet elementor-reverse-mobile elementor-section-boxed elementor-section-height-default elementor-section-height-default\" data-id=\"164bc091\" data-element_type=\"section\" data-settings=\"{&quot;background_background&quot;:&quot;gradient&quot;}\">\n\t\t\t\t\t\t<div class=\"elementor-container elementor-column-gap-no\">\n\t\t\t\t\t<div class=\"elementor-column elementor-col-100 elementor-top-column elementor-element elementor-element-50bef4d8\" data-id=\"50bef4d8\" data-element_type=\"column\">\n\t\t\t<div class=\"elementor-widget-wrap elementor-element-populated\">\n\t\t\t\t\t\t<div class=\"elementor-element elementor-element-6386c9d1 animated-slow elementor-invisible elementor-widget elementor-widget-heading\" data-id=\"6386c9d1\" data-element_type=\"widget\" data-settings=\"{&quot;_animation&quot;:&quot;fadeIn&quot;}\" data-widget_type=\"heading.default\">\n\t\t\t\t<div class=\"elementor-widget-container\">\n\t\t\t\t\t<h1 class=\"elementor-heading-title elementor-size-default\">The Charter\n<\/h1>\t\t\t\t<\/div>\n\t\t\t\t<\/div>\n\t\t\t\t<div class=\"elementor-element elementor-element-4d0cdab elementor-invisible elementor-widget elementor-widget-text-editor\" data-id=\"4d0cdab\" data-element_type=\"widget\" data-settings=\"{&quot;_animation&quot;:&quot;fadeIn&quot;,&quot;_animation_delay&quot;:200}\" data-widget_type=\"text-editor.default\">\n\t\t\t\t<div class=\"elementor-widget-container\">\n\t\t\t\t\t\t\t\t\t<p>We offer standard medications for the conditions your pet may suffer from, as well as flea and parasite treatments, dietary supplements, dental care, and more.<\/p><p>We offer standard medications for the conditions your pet may suffer from, as well as flea and parasite treatments, dietary supplements, dental care, and more.<\/p><p>We offer standard medications for the conditions your pet may suffer from, as well as flea and parasite treatments, dietary supplements, dental care, and more.<\/p><p>We offer standard medications for the conditions your pet may suffer from, as well as flea and parasite treatments, dietary supplements, dental care, and more.<\/p><p> <\/p><p>We offer standard medications for the conditions your pet may suffer from, as well as flea and parasite treatments, dietary supplements, dental care, and more.<\/p><p>We offer standard medications for the conditions your pet may suffer from, as well as flea and parasite treatments, dietary supplements, dental care, and more.<\/p><p> <\/p><p>We offer standard medications for the conditions your pet may suffer from, as well as flea and parasite treatments, dietary supplements, dental care, and more.<\/p><p>We offer standard medications for the conditions your pet may suffer from, as well as flea and parasite treatments, dietary supplements, dental care, and more.<\/p><p> <\/p><p>We offer standard medications for the conditions your pet may suffer from, as well as flea and parasite treatments, dietary supplements, dental care, and more.<\/p><p> <\/p><p>We offer standard medications for the conditions your pet may suffer from, as well as flea and parasite treatments, dietary supplements, dental care, and more.<\/p><p>We offer standard medications for the conditions your pet may suffer from, as well as flea and parasite treatments, dietary supplements, dental care, and more.<\/p><p>We offer standard medications for the conditions your pet may suffer from, as well as flea and parasite treatments, dietary supplements, dental care, and more. We offer standard medications for the conditions your pet may suffer from, as well as flea and parasite treatments, dietary supplements, dental care, and more.<\/p>\t\t\t\t\t\t\t\t<\/div>\n\t\t\t\t<\/div>\n\t\t\t\t<div class=\"elementor-element elementor-element-3a553c66 elementor-mobile-align-justify animated-fast elementor-align-right elementor-invisible elementor-widget elementor-widget-button\" data-id=\"3a553c66\" data-element_type=\"widget\" data-settings=\"{&quot;_animation&quot;:&quot;fadeIn&quot;,&quot;_animation_delay&quot;:400}\" data-widget_type=\"button.default\">\n\t\t\t\t<div class=\"elementor-widget-container\">\n\t\t\t\t\t\t\t\t\t<div class=\"elementor-button-wrapper\">\n\t\t\t\t\t<a class=\"elementor-button elementor-button-link elementor-size-sm elementor-animation-float\" href=\"#\">\n\t\t\t\t\t\t<span class=\"elementor-button-content-wrapper\">\n\t\t\t\t\t\t\t\t\t<span class=\"elementor-button-text\">Visit the Clinic<\/span>\n\t\t\t\t\t<\/span>\n\t\t\t\t\t<\/a>\n\t\t\t\t<\/div>\n\t\t\t\t\t\t\t\t<\/div>\n\t\t\t\t<\/div>\n\t\t\t\t\t<\/div>\n\t\t<\/div>\n\t\t\t\t\t<\/div>\n\t\t<\/section>\n\t\t\t\t<\/div>\n\t\t","protected":false},"excerpt":{"rendered":"<p>The Charter We offer standard medications for the conditions your pet may suffer from, as well as flea and parasite treatments, dietary supplements, dental care, and more. We offer standard medications for the conditions your pet may suffer from, as well as flea and parasite treatments, dietary supplements, dental care, and more. We offer standard [&hellip;]<\/p>\n","protected":false},"author":1,"featured_media":0,"parent":0,"menu_order":0,"comment_status":"closed","ping_status":"closed","template":"","meta":{"_acf_changed":false,"footnotes":""},"class_list":["post-3005","page","type-page","status-publish","hentry"],"acf":[],"yoast_head":"<!-- This site is optimized with the Yoast SEO plugin v27.5 - https:\/\/yoast.com\/product\/yoast-seo-wordpress\/ -->\n<title>Juran\u00e7on Hills Veterinary Clinic Charter | Veterinarian South of Pau<\/title>\n<meta name=\"description\" content=\"Juran\u00e7on Veterinary Clinic: our code of ethics for welcoming your pets with respect for animal welfare.\" \/>\n<meta name=\"robots\" content=\"index, follow, max-snippet:-1, max-image-preview:large, max-video-preview:-1\" \/>\n<link rel=\"canonical\" href=\"https:\/\/veterinaire-des-coteaux.fr\/en\/the-charter\/\" \/>\n<meta property=\"og:locale\" content=\"en_US\" \/>\n<meta property=\"og:type\" content=\"article\" \/>\n<meta property=\"og:title\" content=\"Juran\u00e7on Hills Veterinary Clinic Charter | Veterinarian South of Pau\" \/>\n<meta property=\"og:description\" content=\"Juran\u00e7on Veterinary Clinic: our code of ethics for welcoming your pets with respect for animal welfare.\" \/>\n<meta property=\"og:url\" content=\"https:\/\/veterinaire-des-coteaux.fr\/en\/the-charter\/\" \/>\n<meta property=\"og:site_name\" content=\"V\u00e9t\u00e9rinaire des coteaux\" \/>\n<meta property=\"article:publisher\" content=\"https:\/\/www.facebook.com\/cabinetveterinairedescoteaux\/\" \/>\n<meta property=\"article:modified_time\" content=\"2026-01-08T09:16:44+00:00\" \/>\n<meta property=\"og:image\" content=\"https:\/\/veterinaire-des-coteaux.fr\/wp-content\/uploads\/2022\/06\/dong-cheng-0yAGGlSg9Oc-unsplash-scaled.jpg\" \/>\n\t<meta property=\"og:image:width\" content=\"2048\" \/>\n\t<meta property=\"og:image:height\" content=\"1370\" \/>\n\t<meta property=\"og:image:type\" content=\"image\/jpeg\" \/>\n<meta name=\"twitter:card\" content=\"summary_large_image\" \/>\n<meta name=\"twitter:label1\" content=\"Est. reading time\" \/>\n\t<meta name=\"twitter:data1\" content=\"2 minutes\" \/>\n<!-- \/ Yoast SEO plugin. -->","yoast_head_json":{"title":"Juran\u00e7on Hills Veterinary Clinic Charter | Veterinarian South of Pau","description":"Juran\u00e7on Veterinary Clinic: our code of ethics for welcoming your pets with respect for animal welfare.","robots":{"index":"index","follow":"follow","max-snippet":"max-snippet:-1","max-image-preview":"max-image-preview:large","max-video-preview":"max-video-preview:-1"},"canonical":"https:\/\/veterinaire-des-coteaux.fr\/en\/the-charter\/","og_locale":"en_US","og_type":"article","og_title":"Juran\u00e7on Hills Veterinary Clinic Charter | Veterinarian South of Pau","og_description":"Juran\u00e7on Veterinary Clinic: our code of ethics for welcoming your pets with respect for animal welfare.","og_url":"https:\/\/veterinaire-des-coteaux.fr\/en\/the-charter\/","og_site_name":"V\u00e9t\u00e9rinaire des coteaux","article_publisher":"https:\/\/www.facebook.com\/cabinetveterinairedescoteaux\/","article_modified_time":"2026-01-08T09:16:44+00:00","og_image":[{"width":2048,"height":1370,"url":"https:\/\/veterinaire-des-coteaux.fr\/wp-content\/uploads\/2022\/06\/dong-cheng-0yAGGlSg9Oc-unsplash-scaled.jpg","type":"image\/jpeg"}],"twitter_card":"summary_large_image","twitter_misc":{"Est. reading time":"2 minutes"},"schema":{"@context":"https:\/\/schema.org","@graph":[{"@type":"WebPage","@id":"https:\/\/veterinaire-des-coteaux.fr\/en\/the-charter\/","url":"https:\/\/veterinaire-des-coteaux.fr\/en\/the-charter\/","name":"Juran\u00e7on Hills Veterinary Clinic Charter | Veterinarian South of Pau","isPartOf":{"@id":"https:\/\/veterinaire-des-coteaux.fr\/en\/#website"},"datePublished":"2022-05-12T10:27:10+00:00","dateModified":"2026-01-08T09:16:44+00:00","description":"Juran\u00e7on Veterinary Clinic: our code of ethics for welcoming your pets with respect for animal welfare.","breadcrumb":{"@id":"https:\/\/veterinaire-des-coteaux.fr\/en\/the-charter\/#breadcrumb"},"inLanguage":"en-US","potentialAction":[{"@type":"ReadAction","target":["https:\/\/veterinaire-des-coteaux.fr\/en\/the-charter\/"]}]},{"@type":"BreadcrumbList","@id":"https:\/\/veterinaire-des-coteaux.fr\/en\/the-charter\/#breadcrumb","itemListElement":[{"@type":"ListItem","position":1,"name":"Accueil","item":"https:\/\/veterinaire-des-coteaux.fr\/en\/veterinaires-des-coteaux-jurancon-pau\/"},{"@type":"ListItem","position":2,"name":"The Charter"}]},{"@type":"WebSite","@id":"https:\/\/veterinaire-des-coteaux.fr\/en\/#website","url":"https:\/\/veterinaire-des-coteaux.fr\/en\/","name":"V\u00e9t\u00e9rinaire des coteaux","description":"Cabinet v\u00e9t\u00e9rinaire Juran\u00e7on - Pau","publisher":{"@id":"https:\/\/veterinaire-des-coteaux.fr\/en\/#organization"},"potentialAction":[{"@type":"SearchAction","target":{"@type":"EntryPoint","urlTemplate":"https:\/\/veterinaire-des-coteaux.fr\/en\/?s={search_term_string}"},"query-input":{"@type":"PropertyValueSpecification","valueRequired":true,"valueName":"search_term_string"}}],"inLanguage":"en-US"},{"@type":"Organization","@id":"https:\/\/veterinaire-des-coteaux.fr\/en\/#organization","name":"V\u00e9t\u00e9rinaire des coteaux - Juran\u00e7on - Pau","url":"https:\/\/veterinaire-des-coteaux.fr\/en\/","logo":{"@type":"ImageObject","inLanguage":"en-US","@id":"https:\/\/veterinaire-des-coteaux.fr\/en\/#\/schema\/logo\/image\/","url":"https:\/\/veterinaire-des-coteaux.fr\/wp-content\/uploads\/2022\/02\/Logo-V_04-4_Q.png","contentUrl":"https:\/\/veterinaire-des-coteaux.fr\/wp-content\/uploads\/2022\/02\/Logo-V_04-4_Q.png","width":595,"height":522,"caption":"V\u00e9t\u00e9rinaire des coteaux - Juran\u00e7on - Pau"},"image":{"@id":"https:\/\/veterinaire-des-coteaux.fr\/en\/#\/schema\/logo\/image\/"},"sameAs":["https:\/\/www.facebook.com\/cabinetveterinairedescoteaux\/"]}]}},"_links":{"self":[{"href":"https:\/\/veterinaire-des-coteaux.fr\/en\/wp-json\/wp\/v2\/pages\/3005","targetHints":{"allow":["GET"]}}],"collection":[{"href":"https:\/\/veterinaire-des-coteaux.fr\/en\/wp-json\/wp\/v2\/pages"}],"about":[{"href":"https:\/\/veterinaire-des-coteaux.fr\/en\/wp-json\/wp\/v2\/types\/page"}],"author":[{"embeddable":true,"href":"https:\/\/veterinaire-des-coteaux.fr\/en\/wp-json\/wp\/v2\/users\/1"}],"replies":[{"embeddable":true,"href":"https:\/\/veterinaire-des-coteaux.fr\/en\/wp-json\/wp\/v2\/comments?post=3005"}],"version-history":[{"count":0,"href":"https:\/\/veterinaire-des-coteaux.fr\/en\/wp-json\/wp\/v2\/pages\/3005\/revisions"}],"wp:attachment":[{"href":"https:\/\/veterinaire-des-coteaux.fr\/en\/wp-json\/wp\/v2\/media?parent=3005"}],"curies":[{"name":"wp","href":"https:\/\/api.w.org\/{rel}","templated":true}]}}